{"id":12621,"date":"2019-02-25T15:32:39","date_gmt":"2019-02-25T14:32:39","guid":{"rendered":"http:\/\/saesrial.com\/?page_id=12621\/"},"modified":"2019-02-25T15:32:39","modified_gmt":"2019-02-25T14:32:39","slug":"informativa-contatti-sito-web","status":"publish","type":"page","link":"https:\/\/saesrial.com\/it\/informativa-contatti-sito-web\/","title":{"rendered":"INFORMATIVA CONTATTI SITO WEB"},"content":{"rendered":"<div  class=\"fusion-fullwidth fullwidth-box nonhundred-percent-fullwidth\"  style='background-color: #ffffff;background-position: center center;background-repeat: no-repeat;padding-top:0px;padding-right:0px;padding-bottom:0px;padding-left:0px;'><div class=\"fusion-builder-row fusion-row \"><div  class=\"fusion-layout-column fusion_builder_column fusion_builder_column_1_1  fusion-one-full fusion-column-first fusion-column-last 1_1\"  style='margin-top:0px;margin-bottom:20px;'>\n\t\t\t\t\t<div class=\"fusion-column-wrapper\" style=\"background-position:left top;background-repeat:no-repeat;-webkit-background-size:cover;-moz-background-size:cover;-o-background-size:cover;background-size:cover;\"  data-bg-url=\"\">\n\t\t\t\t\t\t<p><strong>INFORMATIVA CONTATTI SITO WEB<\/strong><\/p>\n<p>&nbsp;<\/p>\n<p>In attuazione del regolamento UE 2016\/679 e delle normative vigenti le forniamo le seguenti informazioni attinenti ai trattamenti e alla protezione dei suoi dati personali.<\/p>\n<p>&nbsp;<\/p>\n<p><strong>Titolare del Trattamento<\/strong><\/p>\n<p>SAES RIAL VACUUM Srl &#8211; Strada Argini Parma, 97 43123 PARMA \u2013 ITALY P.IVA 02781830340, raggiungibile anche chiamando il numero 0521 949311 oppure via mail all\u2019indirizzo: info@saesrial.com.<\/p>\n<p>&nbsp;<\/p>\n<p><strong>Finalit\u00e0<\/strong><\/p>\n<p>I dati personali da lei inseriti compilando i moduli nel sito verranno utilizzati allo scopo di evadere la sua richiesta di informazioniriguardo i nostri servizi. Il conferimento \u00e8 obbligatorio per prendere in carico la sua richiesta e i dati personali sono inseriti su base volontaria, non \u00e8 quindi richiesto un ulteriore consenso espresso. Il mancato conferimento dei dati non dar\u00e0 luogo a nessun trattamento.<\/p>\n<p>&nbsp;<\/p>\n<p><strong>Destinatari<\/strong><\/p>\n<p>I dati raccolti non saranno diffusi, venduti o scambiati con soggetti terzi senza il suo esplicito consenso, salvo eventuali e limitate comunicazioni che si rendano necessarie per evadere la richiesta.<\/p>\n<p>&nbsp;<\/p>\n<p><strong>Periodo di Conservazione<\/strong><\/p>\n<p>I dati da lei forniti saranno conservati non pi\u00f9 di tre anni dall\u2019ultimo contatto o scambio di e-mail\u00a0 per dar seguito alle sue richieste e soggetti ad ulteriori informative in caso di proseguimento nell\u2019erogazione dei nostri servizi.<\/p>\n<p>&nbsp;<\/p>\n<p><strong>Diritti dell\u2019interessato <\/strong><\/p>\n<p>Lei ha facolt\u00e0 di chiedere al titolare del trattamento l\u2019accesso ai suoi dati personali, la rettifica, la cancellazione degli stessi. Lei pu\u00f2 sempre richiedere specifica completa del trattamento e dei suoi diritti scrivendo ai contatti messi a disposizione dal Titolare ed indicati ad inizio informativa.<\/p>\n<p>&nbsp;<\/p>\n<p><strong>Diritto di Reclamo<\/strong><\/p>\n<p>Se ritiene che il trattamento che la riguarda violi il Regolamento GDPR EU-2016\/679 ha il diritto di proporre reclamo al Garante per la protezione dei dati personali, con sede in Piazza di Monte Citorio n. 121, IT-00186, Roma (E-mail: garante@gpdp.it, PEC: protocollo@pec.gpdp.it, centralino +39 06.696771).<\/p>\n<div class=\"fusion-clearfix\"><\/div>\n\n\t\t\t\t\t<\/div>\n\t\t\t\t<\/div><\/div><\/div>\n","protected":false},"excerpt":{"rendered":"","protected":false},"author":3,"featured_media":0,"parent":0,"menu_order":0,"comment_status":"closed","ping_status":"closed","template":"","meta":[],"yoast_head":"<!-- This site is optimized with the Yoast SEO plugin v16.1.1 - https:\/\/yoast.com\/wordpress\/plugins\/seo\/ -->\n<title>INFORMATIVA CONTATTI SITO WEB - Saes Rial<\/title>\n<link rel=\"canonical\" href=\"https:\/\/saesrial.com\/it\/informativa-contatti-sito-web\/\" \/>\n<meta property=\"og:locale\" content=\"it_IT\" \/>\n<meta property=\"og:type\" content=\"article\" \/>\n<meta property=\"og:title\" content=\"INFORMATIVA CONTATTI SITO WEB - Saes Rial\" \/>\n<meta property=\"og:url\" content=\"https:\/\/saesrial.com\/it\/informativa-contatti-sito-web\/\" \/>\n<meta property=\"og:site_name\" content=\"Saes Rial\" \/>\n<meta name=\"twitter:card\" content=\"summary\" \/>\n<meta name=\"twitter:label1\" content=\"Tempo di lettura stimato\">\n\t<meta name=\"twitter:data1\" content=\"2 minuti\">\n<script type=\"application\/ld+json\" class=\"yoast-schema-graph\">{\"@context\":\"https:\/\/schema.org\",\"@graph\":[{\"@type\":\"WebSite\",\"@id\":\"https:\/\/saesrial.com\/#website\",\"url\":\"https:\/\/saesrial.com\/\",\"name\":\"Saes Rial\",\"description\":\"\",\"potentialAction\":[{\"@type\":\"SearchAction\",\"target\":\"https:\/\/saesrial.com\/?s={search_term_string}\",\"query-input\":\"required name=search_term_string\"}],\"inLanguage\":\"it-IT\"},{\"@type\":\"WebPage\",\"@id\":\"https:\/\/saesrial.com\/it\/informativa-contatti-sito-web\/#webpage\",\"url\":\"https:\/\/saesrial.com\/it\/informativa-contatti-sito-web\/\",\"name\":\"INFORMATIVA CONTATTI SITO WEB - Saes Rial\",\"isPartOf\":{\"@id\":\"https:\/\/saesrial.com\/#website\"},\"datePublished\":\"2019-02-25T14:32:39+00:00\",\"dateModified\":\"2019-02-25T14:32:39+00:00\",\"breadcrumb\":{\"@id\":\"https:\/\/saesrial.com\/it\/informativa-contatti-sito-web\/#breadcrumb\"},\"inLanguage\":\"it-IT\",\"potentialAction\":[{\"@type\":\"ReadAction\",\"target\":[\"https:\/\/saesrial.com\/it\/informativa-contatti-sito-web\/\"]}]},{\"@type\":\"BreadcrumbList\",\"@id\":\"https:\/\/saesrial.com\/it\/informativa-contatti-sito-web\/#breadcrumb\",\"itemListElement\":[{\"@type\":\"ListItem\",\"position\":1,\"item\":{\"@type\":\"WebPage\",\"@id\":\"https:\/\/saesrial.com\/it\/\",\"url\":\"https:\/\/saesrial.com\/it\/\",\"name\":\"Home\"}},{\"@type\":\"ListItem\",\"position\":2,\"item\":{\"@type\":\"WebPage\",\"@id\":\"https:\/\/saesrial.com\/it\/informativa-contatti-sito-web\/\",\"url\":\"https:\/\/saesrial.com\/it\/informativa-contatti-sito-web\/\",\"name\":\"INFORMATIVA CONTATTI SITO WEB\"}}]}]}<\/script>\n<!-- \/ Yoast SEO plugin. -->","_links":{"self":[{"href":"https:\/\/saesrial.com\/it\/wp-json\/wp\/v2\/pages\/12621"}],"collection":[{"href":"https:\/\/saesrial.com\/it\/wp-json\/wp\/v2\/pages"}],"about":[{"href":"https:\/\/saesrial.com\/it\/wp-json\/wp\/v2\/types\/page"}],"author":[{"embeddable":true,"href":"https:\/\/saesrial.com\/it\/wp-json\/wp\/v2\/users\/3"}],"replies":[{"embeddable":true,"href":"https:\/\/saesrial.com\/it\/wp-json\/wp\/v2\/comments?post=12621"}],"version-history":[{"count":1,"href":"https:\/\/saesrial.com\/it\/wp-json\/wp\/v2\/pages\/12621\/revisions"}],"predecessor-version":[{"id":12622,"href":"https:\/\/saesrial.com\/it\/wp-json\/wp\/v2\/pages\/12621\/revisions\/12622"}],"wp:attachment":[{"href":"https:\/\/saesrial.com\/it\/wp-json\/wp\/v2\/media?parent=12621"}],"curies":[{"name":"wp","href":"https:\/\/api.w.org\/{rel}","templated":true}]}}