{"id":12617,"date":"2019-02-25T14:49:09","date_gmt":"2019-02-25T13:49:09","guid":{"rendered":"http:\/\/saesrial.com\/?page_id=12617\/"},"modified":"2019-02-25T14:49:09","modified_gmt":"2019-02-25T13:49:09","slug":"note-legali","status":"publish","type":"page","link":"https:\/\/saesrial.com\/it\/note-legali\/","title":{"rendered":"Note Legali"},"content":{"rendered":"<div  class=\"fusion-fullwidth fullwidth-box nonhundred-percent-fullwidth\"  style='background-color: #ffffff;background-position: center center;background-repeat: no-repeat;padding-top:0px;padding-right:0px;padding-bottom:0px;padding-left:0px;'><div class=\"fusion-builder-row fusion-row \"><div  class=\"fusion-layout-column fusion_builder_column fusion_builder_column_1_1  fusion-one-full fusion-column-first fusion-column-last 1_1\"  style='margin-top:0px;margin-bottom:20px;'>\n\t\t\t\t\t<div class=\"fusion-column-wrapper\" style=\"background-position:left top;background-repeat:no-repeat;-webkit-background-size:cover;-moz-background-size:cover;-o-background-size:cover;background-size:cover;\"  data-bg-url=\"\">\n\t\t\t\t\t\t<p><strong>Definizioni<\/strong><br \/>\n<u>SOCIET\u00c0<\/u>: SAES RIAL VACUUM Srl &#8211; Strada Argini Parma, 97 43123 PARMA \u2013 ITALY P.IVA 02781830340, raggiungibile anche chiamando il numero 0521 949311 oppure via mail all\u2019indirizzo: info@saesrial.com<\/p>\n<p><u>SITO<\/u>: il sito saesrial.com inclusivo dei suoi sotto-siti riconducibili direttamente a SOCIET\u00c0 e\/o facenti capo a domini riferibili alla SOCIET\u00c0.<\/p>\n<p><u>CONTENUTI<\/u>: i contenuti testuali, gli elementi grafici e fotografici, i marchi e loghi, i nomi a dominio, i contenuti sonori, musicali, video, audiovisivi, le funzionalit\u00e0, la documentazione tecnica e i manuali e qualsiasi materiale visualizzabile e accessibile attraverso il SITO.<\/p>\n<p><u>VISITATORE<\/u>: chiunque naviga nel SITO<br \/>\nL\u2019accesso, la consultazione e l\u2019utilizzo delle pagine del presente SITO comportano l\u2019integrale accettazione da parte del VISITATORE di tutto quanto asserito nel presente documento. La navigazione del Sito \u00e8 da considerarsi complessivamente a titolo gratuito fatti salvi gli eventuali costi di connessione a carico del VISITATORE.<\/p>\n<p><strong>Copyright<\/strong><strong><br \/>\n<\/strong>I CONTENUTI del SITO sono di propriet\u00e0 della SOCIET\u00c0 e sono coperti da copyright.<strong><br \/>\n<\/strong>Al VISITATORE \u00e8 vietato copiare, pubblicare, diffondere, trasmettere o rendere altrimenti disponibili, anche parzialmente e\/o a seguito di modificazioni, qualsiasi contenuto pubblicato nel presente SITO, pena la possibilit\u00e0 di incorrere in sanzioni civili e penali. \u00c8 altres\u00ec vietata la riproduzione della grafica del SITO; gli elementi costitutivi del SITO sono tutelati da accordi commerciali e il loro utilizzo \u00e8 conforme alle leggi sui marchi registrati, sulla concorrenza e altre leggi e non possono essere copiati o imitati.<\/p>\n<p><strong>Esenzione di responsabilit\u00e0<\/strong><strong><br \/>\n<\/strong>Tutti i contenuti pubblicati sul SITO sono forniti a mero scopo di informazione generale, senza fornire garanzie sulla loro accuratezza e completezza. SOCIET\u00c0 si riserva il diritto di modificare ed aggiornare detti contenuti senza preavviso alcuno e senza poter essere ritenuta responsabile per ogni e qualsiasi danno, diretto o indiretto, ivi compreso il lucro cessante, derivante dall\u2019utilizzo o dall\u2019impossibilit\u00e0 di utilizzo del SITO e dei suoi contenuti, o di siti ad esso collegati direttamente o indirettamente, cos\u00ec come da omissioni o errori.<\/p>\n<p><strong>Marchi<\/strong><\/p>\n<p>I nomi di prodotti e societ\u00e0 citati nel presente SITO possono essere marchi dei rispettivi proprietari, \u00e8 fatto perci\u00f2 espresso divieto all\u2019utilizzo non autorizzato degli stessi.<\/p>\n<p><strong>Legge Applicabile<\/strong><\/p>\n<p>Fatta salva ogni diversa disposizione di legge, tutte le eventuali controversie o liti che dovessero insorgere in merito a qualunque utilizzo del SITO o dei CONTENUTI tra la SOCIET\u00c0 ed il VISITATORE o con i soggetti che hanno collaborato o collaboreranno alla sua pubblicazione o alla stesura o aggiornamento dei CONTENUTI, la giurisdizione accettata \u00e8 quella dello Stato Italiano e, comunque, la legge applicabile \u00e8 quelle italiana in vigore al momento della lite.<\/p>\n<div class=\"fusion-clearfix\"><\/div>\n\n\t\t\t\t\t<\/div>\n\t\t\t\t<\/div><\/div><\/div>\n","protected":false},"excerpt":{"rendered":"","protected":false},"author":3,"featured_media":0,"parent":0,"menu_order":0,"comment_status":"closed","ping_status":"closed","template":"","meta":[],"yoast_head":"<!-- This site is optimized with the Yoast SEO plugin v16.1.1 - https:\/\/yoast.com\/wordpress\/plugins\/seo\/ -->\n<title>Note Legali - Saes Rial<\/title>\n<link rel=\"canonical\" href=\"https:\/\/saesrial.com\/it\/note-legali\/\" \/>\n<meta property=\"og:locale\" content=\"it_IT\" \/>\n<meta property=\"og:type\" content=\"article\" \/>\n<meta property=\"og:title\" content=\"Note Legali - Saes Rial\" \/>\n<meta property=\"og:url\" content=\"https:\/\/saesrial.com\/it\/note-legali\/\" \/>\n<meta property=\"og:site_name\" content=\"Saes Rial\" \/>\n<meta name=\"twitter:card\" content=\"summary\" \/>\n<meta name=\"twitter:label1\" content=\"Tempo di lettura stimato\">\n\t<meta name=\"twitter:data1\" content=\"3 minuti\">\n<script type=\"application\/ld+json\" class=\"yoast-schema-graph\">{\"@context\":\"https:\/\/schema.org\",\"@graph\":[{\"@type\":\"WebSite\",\"@id\":\"https:\/\/saesrial.com\/#website\",\"url\":\"https:\/\/saesrial.com\/\",\"name\":\"Saes Rial\",\"description\":\"\",\"potentialAction\":[{\"@type\":\"SearchAction\",\"target\":\"https:\/\/saesrial.com\/?s={search_term_string}\",\"query-input\":\"required name=search_term_string\"}],\"inLanguage\":\"it-IT\"},{\"@type\":\"WebPage\",\"@id\":\"https:\/\/saesrial.com\/it\/note-legali\/#webpage\",\"url\":\"https:\/\/saesrial.com\/it\/note-legali\/\",\"name\":\"Note Legali - Saes Rial\",\"isPartOf\":{\"@id\":\"https:\/\/saesrial.com\/#website\"},\"datePublished\":\"2019-02-25T13:49:09+00:00\",\"dateModified\":\"2019-02-25T13:49:09+00:00\",\"breadcrumb\":{\"@id\":\"https:\/\/saesrial.com\/it\/note-legali\/#breadcrumb\"},\"inLanguage\":\"it-IT\",\"potentialAction\":[{\"@type\":\"ReadAction\",\"target\":[\"https:\/\/saesrial.com\/it\/note-legali\/\"]}]},{\"@type\":\"BreadcrumbList\",\"@id\":\"https:\/\/saesrial.com\/it\/note-legali\/#breadcrumb\",\"itemListElement\":[{\"@type\":\"ListItem\",\"position\":1,\"item\":{\"@type\":\"WebPage\",\"@id\":\"https:\/\/saesrial.com\/it\/\",\"url\":\"https:\/\/saesrial.com\/it\/\",\"name\":\"Home\"}},{\"@type\":\"ListItem\",\"position\":2,\"item\":{\"@type\":\"WebPage\",\"@id\":\"https:\/\/saesrial.com\/it\/note-legali\/\",\"url\":\"https:\/\/saesrial.com\/it\/note-legali\/\",\"name\":\"Note Legali\"}}]}]}<\/script>\n<!-- \/ Yoast SEO plugin. -->","_links":{"self":[{"href":"https:\/\/saesrial.com\/it\/wp-json\/wp\/v2\/pages\/12617"}],"collection":[{"href":"https:\/\/saesrial.com\/it\/wp-json\/wp\/v2\/pages"}],"about":[{"href":"https:\/\/saesrial.com\/it\/wp-json\/wp\/v2\/types\/page"}],"author":[{"embeddable":true,"href":"https:\/\/saesrial.com\/it\/wp-json\/wp\/v2\/users\/3"}],"replies":[{"embeddable":true,"href":"https:\/\/saesrial.com\/it\/wp-json\/wp\/v2\/comments?post=12617"}],"version-history":[{"count":1,"href":"https:\/\/saesrial.com\/it\/wp-json\/wp\/v2\/pages\/12617\/revisions"}],"predecessor-version":[{"id":12618,"href":"https:\/\/saesrial.com\/it\/wp-json\/wp\/v2\/pages\/12617\/revisions\/12618"}],"wp:attachment":[{"href":"https:\/\/saesrial.com\/it\/wp-json\/wp\/v2\/media?parent=12617"}],"curies":[{"name":"wp","href":"https:\/\/api.w.org\/{rel}","templated":true}]}}