{"id":12516,"date":"2017-03-29T14:48:51","date_gmt":"2017-03-29T12:48:51","guid":{"rendered":"http:\/\/saesrial.com\/privacy\/"},"modified":"2019-07-15T11:29:56","modified_gmt":"2019-07-15T09:29:56","slug":"privacy","status":"publish","type":"page","link":"https:\/\/saesrial.com\/it\/privacy\/","title":{"rendered":"Privacy &#038; Cookie Policy"},"content":{"rendered":"<p><b>In attuazione del regolamento UE 2016\/679 e delle normative vigenti \u00e8 gradito fornirle le seguenti informazioni attinenti ai trattamenti e alla protezione dei suoi dati personali del presente sito web e cookie policy sito web:<span class=\"Apple-converted-space\">\u00a0<\/span><\/b><\/p>\n<p><b>Titolare del trattamento <\/b>\u00e8 SAES RIAL VACUUM Srl &#8211; Strada Argini Parma, 97 43123 PARMA \u2013 ITALY P.IVA 02781830340, raggiungibile anche chiamando il numero 0521 949311 oppure via mail all\u2019indirizzo: info@saesrial.com<span class=\"Apple-converted-space\">\u00a0<\/span><\/p>\n<p><b>Dato personale e identificativo.<span class=\"Apple-converted-space\">\u00a0<\/span><\/b><\/p>\n<p>Per dato personale si intende, qualunque informazione relativa a persona fisica, identificata o identificabile, anche indirettamente, mediante riferimento a qualsiasi altra informazione, ivi compreso un numero di identificazione personale; Dati identificativi, i dati personali che permettono l&#8217;identificazione diretta dell&#8217;interessato (quali a titolo esemplificativo nome, cognome, indirizzo e-mail, indirizzo, numero di telefono, ecc&#8230;).<span class=\"Apple-converted-space\">\u00a0<\/span><\/p>\n<p><b>Dati di navigazione<span class=\"Apple-converted-space\">\u00a0<\/span><\/b><\/p>\n<p>I sistemi informatici e le procedure software preposte al funzionamento di questo sito web acquisiscono, nel corso del loro normale esercizio, alcuni dati personali la cui trasmissione \u00e8 implicita nell&#8217;uso dei protocolli di comunicazione di Internet. Si tratta di informazioni che non sono raccolte per essere associate a interessati identificati, ma che per loro stessa natura potrebbero, attraverso elaborazioni ed associazioni con dati detenuti da terzi, permettere di identificare gli utenti. In questa categoria di dati rientrano gli indirizzi IP o i nomi a dominio dei computer utilizzati dagli utenti che si connettono al sito, gli indirizzi in notazione URI (Uniform Resource Identifier) delle risorse richieste, l&#8217;orario della richiesta, il metodo utilizzato nel sottoporre la richiesta al server, la dimensione del file ottenuto in risposta, il codice numerico indicante lo stato della risposta data dal server (buon fine, errore, ecc.) ed altri parametri relativi al sistema operativo e all&#8217;ambiente informatico dell&#8217;utente. Questi dati vengono utilizzati al solo fine di ricavare informazioni statistiche anonime sull&#8217;uso del sito e per controllarne il corretto funzionamento. Difesa in giudizio &#8211; I Dati Personali dell\u2019Utente possono essere utilizzati per la difesa da parte del Titolare in giudizio o nelle fasi propedeutiche alla sua eventuale instaurazione, da abusi nell&#8217;utilizzo della stessa o dei servizi connessi da parte dell\u2019Utente. I dati potrebbero essere utilizzati per l&#8217;accertamento di responsabilit\u00e0 in caso di ipotetici reati informatici ai danni del sito. Manutenzione &#8211; I Dati Personali dell\u2019Utente possono essere trattati con modalit\u00e0 e finalit\u00e0 aggiuntive legate alla manutenzione dei sistemi.<span class=\"Apple-converted-space\">\u00a0<\/span><\/p>\n<p><b>Dati forniti volontariamente dall&#8217;utente<span class=\"Apple-converted-space\">\u00a0<\/span><\/b><\/p>\n<p>L&#8217;invio facoltativo, esplicito e volontario di posta elettronica agli indirizzi indicati su questo, comporta la successiva acquisizione dell&#8217;indirizzo del mittente, necessario per rispondere alle richieste, nonch\u00e9 degli eventuali altri dati personali inseriti. Informative specifiche saranno presentate nelle pagine del Sito in relazione a particolari servizi o trattamenti dei Dati forniti dall\u2019Utente o dall\u2019Interessato.<span class=\"Apple-converted-space\">\u00a0<\/span><\/p>\n<p><b>Cookie <\/b>Si rimanda in fondo al documento al paragrafo: cookie policy.<span class=\"Apple-converted-space\">\u00a0<\/span><\/p>\n<p><b>Finalit\u00e0 del trattamento per le quali si concede consenso laddove richiesto<span class=\"Apple-converted-space\">\u00a0<\/span><\/b><\/p>\n<p>I dati di natura personale volontariamente forniti saranno oggetto di trattamento per le seguenti finalit\u00e0, fino a sua opposizione:<span class=\"Apple-converted-space\">\u00a0<\/span><\/p>\n<p>&#8211; svolgimento di operazioni strettamente connesse e strumentali alla gestione dei rapporti con gli utenti o dei visitatori del sito;<span class=\"Apple-converted-space\">\u00a0<\/span><\/p>\n<p>&#8211; raccolta, conservazione ed elaborazione dei suoi dati per:<span class=\"Apple-converted-space\">\u00a0<\/span><\/p>\n<p>&#8211; analisi statistiche anche in forma anonima e\/o aggregata;<span class=\"Apple-converted-space\">\u00a0<\/span><\/p>\n<p>&#8211; analisi statistiche volte alla verifica della qualit\u00e0 dei servizi offerti dal sito;<span class=\"Apple-converted-space\">\u00a0<\/span><\/p>\n<p><b>Modalit\u00e0 del trattamento &#8211; Conservazione<span class=\"Apple-converted-space\">\u00a0<\/span><\/b><\/p>\n<p>Il trattamento sar\u00e0 svolto in forma automatizzata e manuale, con modalit\u00e0 e strumenti volti a garantire la massima sicurezza e riservatezza, ad opera di soggetti di ci\u00f2 appositamente autorizzati.<span class=\"Apple-converted-space\">\u00a0<\/span><\/p>\n<p><b>Tempi di conservazione<span class=\"Apple-converted-space\">\u00a0<\/span><\/b><\/p>\n<p>I dati saranno conservati per un periodo non superiore agli scopi per i quali i dati sono stati raccolti e successivamente trattati.<span class=\"Apple-converted-space\">\u00a0<\/span><\/p>\n<p><b>Ambito di comunicazione e diffusione<span class=\"Apple-converted-space\">\u00a0<\/span><\/b><\/p>\n<p>I Suoi dati, oggetto del trattamento, non saranno diffusi venduti o scambiati con soggetti terzi senza il consenso espresso dall\u2019interessato. I dati potranno essere comunicati a terzi appartenenti alle seguenti categorie:<span class=\"Apple-converted-space\">\u00a0<\/span><\/p>\n<p>&#8211; soggetti che forniscono servizi per la gestione del sistema informativo<span class=\"Apple-converted-space\">\u00a0<\/span><\/p>\n<p>&#8211; studi o societ\u00e0 nell&#8217;ambito di rapporti di assistenza e consulenza;<span class=\"Apple-converted-space\">\u00a0<\/span><\/p>\n<p>&#8211; autorit\u00e0 competenti per adempimenti di obblighi di leggi e\/o di disposizioni di organi pubblici, su richiesta.<span class=\"Apple-converted-space\">\u00a0<\/span><\/p>\n<p>&#8211; provider esterno;<span class=\"Apple-converted-space\">\u00a0<\/span><\/p>\n<p>&#8211; societ\u00e0 che effettuano la manutenzione ordinaria e straordinaria del sito web I suoi dati non saranno comunque diffusi<span class=\"Apple-converted-space\">\u00a0<\/span><\/p>\n<p><b>Trasferimento dei dati all\u2019estero <\/b>I dati personali dell\u2019interessato non saranno trasmessi verso Paesi terzi. Nel caso si dovesse in futuro trasferire dati personali verso paesi terzi o organizzazioni internazionali, verranno rispettate tutte le disposizioni del capo V (Regolamento UE 2016\/679) al fine di assicurare un livello di protezione adeguato.<span class=\"Apple-converted-space\">\u00a0<\/span><\/p>\n<p><b>Diritti dell\u2019interessato <\/b>L\u2019interessato ha facolt\u00e0 di chiedere al titolare del trattamento l\u2019accesso ai dati personali, la rettifica o la cancellazione degli stessi o la limitazione del trattamento o di opporsi al loro trattamento. Lei ha il diritto inoltre di richiedere specifica completa dei diritti scrivendo all\u2019indirizzo del Titolare.<span class=\"Apple-converted-space\">\u00a0<\/span><\/p>\n<p><b>Diritto di reclamo autorit\u00e0 di controllo <\/b>Se ritiene che il trattamento che lo riguarda violi la sua dignit\u00e0 ha il diritto di proporre reclamo all\u2019Autorit\u00e0 di Controllo pertinente.<span class=\"Apple-converted-space\">\u00a0<\/span><\/p>\n<p><b>COOKIE POLICY<span class=\"Apple-converted-space\">\u00a0<\/span><\/b><\/p>\n<p>Gli applicativi software utilizzati possono contenere la tecnologia \u201ccookie\u201d. I cookie hanno principalmente la funzione di agevolare la navigazione da parte dell\u2019utente. I cookie potranno fornire informazioni sulla navigazione all\u2019interno del Sito e permettere il funzionamento di alcuni servizi che richiedono l\u2019identificazione del percorso dell\u2019utente attraverso diverse pagine del Sito. Per qualsiasi accesso al portale indipendentemente dalla presenza di un cookie, vengono registrati il tipo di browser il sistema operativo (es. Microsoft, Apple, Android, Linux, ecc\u2026), l\u2019Host e l\u2019URL di provenienza del visitatore, oltre ai dati sulla pagina richiesta. L\u2019utente ha comunque modo di impostare il proprio browser in modo da essere informato quando ricevete un cookie e decidere in questo modo di eliminarlo. Ulteriori informazioni sui cookie sono reperibili sui siti web dei forniti di browser.<span class=\"Apple-converted-space\">\u00a0<\/span><\/p>\n<p><b>Cosa sono i cookie?<span class=\"Apple-converted-space\">\u00a0<\/span><\/b><\/p>\n<p>I cookie sono stringhe di testo di piccole dimensioni conservate nel computer dell\u2019utente, quando si visitano determinate pagine su internet. Nella maggior parte dei browser i cookie sono abilitati, in calce le informazioni necessarie per modificare le impostazioni dei cookie sul browser. I cookie non sono dannosi per il device. Nei cookie che generiamo, non conserviamo informazioni identificative personali, ma usiamo informazioni per migliorare la permanenza sul sito. Per esempio sono utili per identificare e risolvere errori.<span class=\"Apple-converted-space\">\u00a0<\/span><\/p>\n<p>I cookie possono svolgere diverse funzioni, come ad esempio di navigare fra le varie pagine in modo efficiente e in generale possono migliorare la permanenza dell\u2019utente. Il titolare si riserva il diritto di utilizzare i cookie, con il consenso dell\u2019utente ove la legge o i regolamenti applicabili cos\u00ec stabiliscano, per facilitare la navigazione su questo sito e personalizzare le informazioni che appariranno. Il titolare si riserva inoltre il diritto di usare sistemi simili per raccogliere informazioni sugli utenti del sito, quali ad esempio tipo di browser Internet e sistema operativo utilizzato, per finalit\u00e0 statistiche o di sicurezza<span class=\"Apple-converted-space\">\u00a0<\/span><\/p>\n<p><b>Tipi di cookie<span class=\"Apple-converted-space\">\u00a0<\/span><\/b><\/p>\n<p>I cookie poi si distinguono in &#8220;di sessione&#8221; e &#8220;persistenti&#8221;, i primi una volta scaricati vengono poi eliminati alla chiusura del Browser, i secondi invece vengono memorizzati fino alla loro scadenza o cancellazione. I cookie di sessione utilizzati hanno lo scopo di velocizzare l&#8217;analisi del traffico su Internet e facilitare agli utenti l&#8217;accesso ai servizi offerti dal sito. I cookie di sessione vengono principalmente utilizzati in fase di autenticazione, autorizzazione e navigazione nei servizi ai quali si accede tramite una registrazione. La maggior parte dei browser \u00e8 impostata per accettare i cookie. Se non si desidera accettare i cookie, \u00e8 possibile impostare il computer affinch\u00e9 li rifiuti oppure visualizzi un avviso quando essi vengono archiviati. Se l&#8217;interessato rifiuta l&#8217;uso dei cookie alcune funzionalit\u00e0 del sito potrebbero non funzionare correttamente ed alcuni dei servizi non essere disponibili. L&#8217;uso di c.d. cookie di sessione \u00e8 strettamente limitato alla trasmissione di identificativi di sessione, necessari per consentire l&#8217;esplorazione sicura ed efficiente del sito. Tali dati hanno natura tecnica, validit\u00e0 temporanea e non sono raccolti allo scopo di identificare gli utenti ma, per via del loro funzionamento e in combinazione con altri dati detenuti da soggetti terzi (ad esempio il fornitore di connessione Internet dell&#8217;interessato), potrebbero permetterne l&#8217;identificazione. I Cookie di prima parte sono leggibili al solo dominio che li ha creati.<span class=\"Apple-converted-space\">\u00a0<\/span><\/p>\n<p><strong>Che cookie utilizziamo:<\/strong><\/p>\n<table cellspacing=\"0\" cellpadding=\"0\">\n<tbody>\n<tr>\n<td valign=\"top\">Cookie tecnici di navigazione<span class=\"Apple-converted-space\">\u00a0<\/span><\/td>\n<td valign=\"top\">Sono cookie che garantiscono la normale navigazione e fruizione del sito web e che permettono il collegamento tra il server e il browser dell\u2019utente.<span class=\"Apple-converted-space\">\u00a0<\/span><\/p>\n<p>Sono cookie indispensabili alla navigazione (per esempio gli identificativi di sessione) che consentono di utilizzare le principali funzionalit\u00e0 del sito e di proteggere la connessione. Senza questi cookie, non potrebbero essere possibile utilizzare normalmente il sito.<span class=\"Apple-converted-space\">\u00a0<\/span><\/td>\n<\/tr>\n<tr>\n<td valign=\"top\">Cookie funzionali<span class=\"Apple-converted-space\">\u00a0<\/span><\/td>\n<td valign=\"top\">Sono cookie memorizzati nel computer o altro dispositivo che, in base alla richiesta dell\u2019utente, registrano le scelte dello stesso, per permettergli di ricordargliele al fine di ottimizzare e fornire una navigazione migliorativa e personalizzata all\u2019interno del servizio o dell\u2019accesso al presente sito. (es registrazione in aree riservate, memorizzazione dei prodotti nel carrello per avere la possibilit\u00e0 di ritrovarseli nella successiva sessione, salvare la lingua selezionata, visualizzazione di un video o la possibilit\u00e0 di commentare il blog ecc.). I cookie funzionali non sono indispensabili al funzionamento del sito, ma migliorano la qualit\u00e0 e l\u2019esperienza della navigazione<span class=\"Apple-converted-space\">\u00a0<\/span><\/td>\n<\/tr>\n<tr>\n<td valign=\"top\">Cookie Analitici<span class=\"Apple-converted-space\">\u00a0<\/span><\/td>\n<td valign=\"top\">Sono cookie che raccolgono informazioni su come l\u2019utente utilizza il sito web, come ad esempio quali pagine web vengono visitate pi\u00f9 spesso. Il presente sito utilizza i cookies di terze parti \u201cGoogle Analytcs\u201d. Google Analitycs \u00e8 un sito di statistiche, ad esempio calcola il numero dei visitatori, che tipo di tecnologia stanno utilizzando (per esempio Mac o Windows), quanto tempo trascorrono sul sito\u2026 Tutti i dati raccolti sono anonimi ed in forma aggregata pertanto non profilanti. Le informazioni generate dal cookie sull&#8217;utilizzo del sito web da parte dell\u2019utente (compreso l\u2019indirizzo IP) viene trasmesso e depositato presso i server di Google.<br \/>\nIndirizzi utili per comprendere al meglio la privacy policy di Google Analytics: &#8211;<br \/>\nhttp:\/\/www.google.com\/analytics\/terms\/it.html<span class=\"Apple-converted-space\"><br \/>\n<\/span>http:\/\/www.google.com\/privacypolicy.html<br \/>\nI cookie analitici non sono indispensabili al funzionamento del sito.<\/td>\n<\/tr>\n<tr>\n<td valign=\"top\">Cookie che forniscono mappe interattive<span class=\"Apple-converted-space\">\u00a0<\/span><\/td>\n<td valign=\"top\">Questi cookie consentono di includere mappe interattive all&#8217;interno del presente sito. utilizza Google Maps. Per informazioni sui cookie di Google Maps<span class=\"Apple-converted-space\">\u00a0<\/span><\/p>\n<p>http:\/\/www.google.co.uk\/intl\/it_IT\/policies\/ Questa tipologia di cookie non \u00e8 indispensabile al funzionamento del sito.<span class=\"Apple-converted-space\">\u00a0<\/span><\/td>\n<\/tr>\n<\/tbody>\n<\/table>\n<p><b>Come posso disabilitare i cookie?<span class=\"Apple-converted-space\">\u00a0<\/span><\/b><\/p>\n<p>Avvertenza: in relazione alla disattivazione da parte dell\u2019utente di tutte le tipologie di cookie (tecnici compresi) si precisa che alcune funzionalit\u00e0 del sito potrebbero essere ridotte o non disponibili. La maggior parte dei browser accettano i cookie automaticamente, ma potete anche scegliere di non accettarli. Se non desideri che il tuo computer riceva e memorizzi cookie, puoi modificare le impostazioni di sicurezza del browser (Internet Explorer, Google Chrome, Mozilla Firefox, Safari ecc\u2026). Esistono diversi modi per gestire i cookie e altre tecnologie di tracciabilit\u00e0. Modificando le impostazioni del browser, si pu\u00f2 accettare o rifiutare i cookie o decidere di ricevere un messaggio di avviso prima di accettare un cookie dai siti Web visitati. Si possono eliminare tutti i cookie installati nella cartella dei cookie del suo browser. Ciascun browser presenta procedure diverse per la gestione delle impostazioni.<span class=\"Apple-converted-space\">\u00a0<\/span><\/p>\n<p>I cookie possono essere disattivati direttamente dal proprio web browser. Per informazioni pi\u00f9 dettagliate in riferimento alle opzioni di disattivazione dei cookie ecco l&#8217;elenco dei link per la configurazione dei browser pi\u00f9 diffusi.<span class=\"Apple-converted-space\">\u00a0<\/span><\/p>\n<ul>\n<li>\u2022 <a href=\"https:\/\/support.mozilla.org\/it\/kb\/Attivare%20e%20disattivare%20i%20cookie\">Come disattivare i cookie in Firefox<span class=\"Apple-converted-space\">\u00a0<\/span><\/a><\/li>\n<li><a href=\"https:\/\/support.google.com\/chrome\/answer\/95647?hl=it\">\u2022 Come disattivare i cookie in Chrome<span class=\"Apple-converted-space\">\u00a0<\/span><\/a><\/li>\n<li><a href=\"http:\/\/windows.microsoft.com\/it-it\/internet-explorer\/delete-manage-cookies#ie=ie-11\">\u2022 Come disattivare i cookie in Internet Explorer<span class=\"Apple-converted-space\">\u00a0<\/span><\/a><\/li>\n<li><a href=\"http:\/\/support.apple.com\/kb\/HT1677?viewlocale=it_IT&amp;locale=it_IT\">\u2022 Come disattivare i cookie in Safari<span class=\"Apple-converted-space\">\u00a0<\/span><\/a><\/li>\n<li><a href=\"http:\/\/help.opera.com\/Windows\/10.00\/it\/cookies.html\">\u2022 Come disattivare i cookie in Opera<span class=\"Apple-converted-space\">\u00a0<\/span><\/a><\/li>\n<\/ul>\n<p>Se non si utilizza nessuno dei browser sopra elencati, seleziona &#8220;cookie&#8221; nella relativa sezione della guida per scoprire dove si trova la tua cartella dei cookie.<span class=\"Apple-converted-space\">\u00a0<\/span><\/p>\n<p><b>Consenso<span class=\"Apple-converted-space\">\u00a0<\/span><\/b><\/p>\n<p>Il consenso viene liberamente espresso dall\u2019utente proseguendo con la navigazione, dopo aver preso visione dell\u2019informativa breve. Si fa presente peraltro che in qualsiasi momento pu\u00f2 essere revocato il permesso e si pu\u00f2 procedere con la disabilitazione dei cookie come sopra descritto.<span class=\"Apple-converted-space\">\u00a0<\/span><\/p>\n<p><b>Altri link<span class=\"Apple-converted-space\">\u00a0<\/span><\/b><\/p>\n<p>Per fornire un miglior servizio all\u2019utente, questo Sito pu\u00f2 contenere rinvii ad altri siti web (&#8220;Links&#8221;). Il Titolare declina ogni responsabilit\u00e0 in ordine ai contenuti ed ai materiali accessibili presso tal siti o comunque ottenibili <i>SAES\u00a0<\/i>per loro tramite. Qualsiasi informazione inerente i siti richiamati dai link dovranno essere rivolti unicamente agli amministratori dei siti in questione.<span class=\"Apple-converted-space\">\u00a0<\/span><\/p>\n<p><b>Modifiche all&#8217;informativa sull&#8217;uso dei cookie<span class=\"Apple-converted-space\">\u00a0<\/span><\/b><\/p>\n<p>Affinch\u00e9 sia sempre aggiornata, l&#8217;informativa sull&#8217;uso dei cookie viene periodicamente rivisitata. L&#8217;ultimo aggiornamento alla presente informativa sull&#8217;uso dei cookie risale al 3 luglio 2019<span class=\"Apple-converted-space\">\u00a0<\/span><\/p>\n","protected":false},"excerpt":{"rendered":"<p>In attuazione del regolamento UE 2016\/679 e delle normative vigenti \u00e8 gradito fornirle le seguenti informazioni attinenti ai trattamenti e alla protezione dei suoi dati personali del presente sito web e cookie policy sito web:\u00a0 Titolare del trattamento \u00e8 SAES RIAL VACUUM Srl &#8211; Strada Argini Parma, 97 43123 PARMA \u2013 ITALY P.IVA 02781830340, raggiungibile anche [&hellip;]<\/p>\n","protected":false},"author":2,"featured_media":0,"parent":0,"menu_order":0,"comment_status":"closed","ping_status":"closed","template":"","meta":[],"yoast_head":"<!-- This site is optimized with the Yoast SEO plugin v16.1.1 - https:\/\/yoast.com\/wordpress\/plugins\/seo\/ -->\n<title>Privacy &amp; Cookie Policy - Saes Rial<\/title>\n<link rel=\"canonical\" href=\"https:\/\/saesrial.com\/it\/privacy\/\" \/>\n<meta property=\"og:locale\" content=\"it_IT\" \/>\n<meta property=\"og:type\" content=\"article\" \/>\n<meta property=\"og:title\" content=\"Privacy &amp; Cookie Policy - Saes Rial\" \/>\n<meta property=\"og:description\" content=\"In attuazione del regolamento UE 2016\/679 e delle normative vigenti \u00e8 gradito fornirle le seguenti informazioni attinenti ai trattamenti e alla protezione dei suoi dati personali del presente sito web e cookie policy sito web:\u00a0 Titolare del trattamento \u00e8 SAES RIAL VACUUM Srl &#8211; Strada Argini Parma, 97 43123 PARMA \u2013 ITALY P.IVA 02781830340, raggiungibile anche [&hellip;]\" \/>\n<meta property=\"og:url\" content=\"https:\/\/saesrial.com\/it\/privacy\/\" \/>\n<meta property=\"og:site_name\" content=\"Saes Rial\" \/>\n<meta property=\"article:modified_time\" content=\"2019-07-15T09:29:56+00:00\" \/>\n<meta name=\"twitter:card\" content=\"summary\" \/>\n<meta name=\"twitter:label1\" content=\"Tempo di lettura stimato\">\n\t<meta name=\"twitter:data1\" content=\"10 minuti\">\n<script type=\"application\/ld+json\" class=\"yoast-schema-graph\">{\"@context\":\"https:\/\/schema.org\",\"@graph\":[{\"@type\":\"WebSite\",\"@id\":\"https:\/\/saesrial.com\/#website\",\"url\":\"https:\/\/saesrial.com\/\",\"name\":\"Saes Rial\",\"description\":\"\",\"potentialAction\":[{\"@type\":\"SearchAction\",\"target\":\"https:\/\/saesrial.com\/?s={search_term_string}\",\"query-input\":\"required name=search_term_string\"}],\"inLanguage\":\"it-IT\"},{\"@type\":\"WebPage\",\"@id\":\"https:\/\/saesrial.com\/it\/privacy\/#webpage\",\"url\":\"https:\/\/saesrial.com\/it\/privacy\/\",\"name\":\"Privacy & Cookie Policy - Saes Rial\",\"isPartOf\":{\"@id\":\"https:\/\/saesrial.com\/#website\"},\"datePublished\":\"2017-03-29T12:48:51+00:00\",\"dateModified\":\"2019-07-15T09:29:56+00:00\",\"breadcrumb\":{\"@id\":\"https:\/\/saesrial.com\/it\/privacy\/#breadcrumb\"},\"inLanguage\":\"it-IT\",\"potentialAction\":[{\"@type\":\"ReadAction\",\"target\":[\"https:\/\/saesrial.com\/it\/privacy\/\"]}]},{\"@type\":\"BreadcrumbList\",\"@id\":\"https:\/\/saesrial.com\/it\/privacy\/#breadcrumb\",\"itemListElement\":[{\"@type\":\"ListItem\",\"position\":1,\"item\":{\"@type\":\"WebPage\",\"@id\":\"https:\/\/saesrial.com\/it\/\",\"url\":\"https:\/\/saesrial.com\/it\/\",\"name\":\"Home\"}},{\"@type\":\"ListItem\",\"position\":2,\"item\":{\"@type\":\"WebPage\",\"@id\":\"https:\/\/saesrial.com\/it\/privacy\/\",\"url\":\"https:\/\/saesrial.com\/it\/privacy\/\",\"name\":\"Privacy &#038; Cookie Policy\"}}]}]}<\/script>\n<!-- \/ Yoast SEO plugin. -->","_links":{"self":[{"href":"https:\/\/saesrial.com\/it\/wp-json\/wp\/v2\/pages\/12516"}],"collection":[{"href":"https:\/\/saesrial.com\/it\/wp-json\/wp\/v2\/pages"}],"about":[{"href":"https:\/\/saesrial.com\/it\/wp-json\/wp\/v2\/types\/page"}],"author":[{"embeddable":true,"href":"https:\/\/saesrial.com\/it\/wp-json\/wp\/v2\/users\/2"}],"replies":[{"embeddable":true,"href":"https:\/\/saesrial.com\/it\/wp-json\/wp\/v2\/comments?post=12516"}],"version-history":[{"count":7,"href":"https:\/\/saesrial.com\/it\/wp-json\/wp\/v2\/pages\/12516\/revisions"}],"predecessor-version":[{"id":12634,"href":"https:\/\/saesrial.com\/it\/wp-json\/wp\/v2\/pages\/12516\/revisions\/12634"}],"wp:attachment":[{"href":"https:\/\/saesrial.com\/it\/wp-json\/wp\/v2\/media?parent=12516"}],"curies":[{"name":"wp","href":"https:\/\/api.w.org\/{rel}","templated":true}]}}