{"id":12450,"date":"2016-08-02T19:09:43","date_gmt":"2016-08-02T17:09:43","guid":{"rendered":"http:\/\/saesrial.com\/non-evaporable-getter-neg-coating\/"},"modified":"2017-03-21T16:47:43","modified_gmt":"2017-03-21T15:47:43","slug":"rivestimento-con-getter-non-evaporabili-neg","status":"publish","type":"page","link":"https:\/\/saesrial.com\/it\/rivestimento-con-getter-non-evaporabili-neg\/","title":{"rendered":"Rivestimento con Getter non evaporabili (NEG)"},"content":{"rendered":"<div  class=\"fusion-fullwidth fullwidth-box nonhundred-percent-fullwidth\"  style='background-color: #ffffff;background-position: left top;background-repeat: no-repeat;padding-top:-20px;padding-right:-20px;padding-bottom:-20px;padding-left:-20px;border-top-width:0px;border-bottom-width:0px;border-color:#eae9e9;border-top-style:solid;border-bottom-style:solid;'><div class=\"fusion-builder-row fusion-row \"><div  class=\"fusion-layout-column fusion_builder_column fusion_builder_column_1_1  fusion-one-full fusion-column-first fusion-column-last fusion-column-no-min-height 1_1\"  style='margin-top:0px;margin-bottom:0px;'>\n\t\t\t\t\t<div class=\"fusion-column-wrapper\" style=\"background-position:left top;background-repeat:no-repeat;-webkit-background-size:cover;-moz-background-size:cover;-o-background-size:cover;background-size:cover;\"  data-bg-url=\"\">\n\t\t\t\t\t\t<div class=\"fusion-title title fusion-title-size-two\" style=\"margin-top:0px;margin-bottom:30px;\"><h2 class=\"title-heading-left\"><strong>Rivestimento con Getter non evaporabili (NEG)<\/strong><\/h2><div class=\"title-sep-container\"><div class=\"title-sep sep-double sep-solid\" style=\"border-color:#e0dede;\"><\/div><\/div><\/div><div class=\"fusion-clearfix\"><\/div>\n\n\t\t\t\t\t<\/div>\n\t\t\t\t<\/div><div  class=\"fusion-layout-column fusion_builder_column fusion_builder_column_1_2  fusion-one-half fusion-column-first 1_2\"  style='margin-top:0px;margin-bottom:20px;width:48%; margin-right: 4%;'>\n\t\t\t\t\t<div class=\"fusion-column-wrapper\" style=\"background-position:left top;background-repeat:no-repeat;-webkit-background-size:cover;-moz-background-size:cover;-o-background-size:cover;background-size:cover;\"  data-bg-url=\"\">\n\t\t\t\t\t\t<span class=\"fusion-imageframe imageframe-none imageframe-1 hover-type-none\"><a href=\"http:\/\/saesrial.com\/wp-content\/uploads\/2016\/12\/non_evapo_1-2.jpg\" class=\"fusion-lightbox\" data-rel=\"iLightbox[a3ff5bfac057e64a253]\" data-title=\"non_evapo_1\" title=\"non_evapo_1\"><img loading=\"lazy\" src=\"http:\/\/saesrial.com\/wp-content\/uploads\/2016\/12\/non_evapo_1-2.jpg\" width=\"1200\" height=\"818\" alt=\"\" class=\"img-responsive wp-image-12362\"\/><\/a><\/span><div class=\"fusion-clearfix\"><\/div>\n\n\t\t\t\t\t<\/div>\n\t\t\t\t<\/div><div  class=\"fusion-layout-column fusion_builder_column fusion_builder_column_1_2  fusion-one-half fusion-column-last 1_2\"  style='margin-top:0px;margin-bottom:20px;width:48%'>\n\t\t\t\t\t<div class=\"fusion-column-wrapper\" style=\"background-position:left top;background-repeat:no-repeat;-webkit-background-size:cover;-moz-background-size:cover;-o-background-size:cover;background-size:cover;\"  data-bg-url=\"\">\n\t\t\t\t\t\t<p>SAES Getters \u00e8 l\u2019azienda con la maggior esperienza nella tecnologia per il rivestimento NEG (pi\u00f9 di 15 anni di attivit\u00e0 di deposizione) e il pi\u00f9 ampio numero di utilizzatori finali (oltre 20). L&#8217;impianto di rivestimento copre un&#8217;area di 120 m<sup>2<\/sup> a temperatura e umidit\u00e0 controllate. Nella stessa area \u00e8 collocata una clean room ISO 5, usata per le operazioni di montaggio.<br \/>\nIl reparto di deposizione NEG \u00e8 equipaggiato con diversi sistemi di sputtering e con banco UHV per effettuare prove di assorbimento su camere mediante il metodo del \u201ctransmission factor\u201d. Con gli impianti attuali, e grazie all\u2019esperienza acquisita negli anni, \u00e8 possibile effettuare rivestimenti\u00a0 su camere lunghe fino a 6,5 m con gap di 7-8 mm.<\/p>\n<p>Il montaggio dei catodi utilizzati durante il processo di sputtering dipende dalla sezione e dalla geometria della camera e pu\u00f2 essere ottimizzato in base a modelli matematici sviluppati internamente. Questo permette di valutare e quindi ottimizzare la distribuzione dello spessore del rivestimento lungo il profilo della camera. Questo consente inoltre di poter trovare per ogni singola geometria della camera il compromesso migliore tra velocit\u00e0 di pompaggio e impedenza elettrica del rivestimento.<br \/>\nSfruttando l&#8217;esperienza decennale di SAES Getter nella tecnologia dei rivestimenti NEG, SAES RIAL Vacuum pu\u00f2 dunque offrire ai propri utilizzatori <strong>soluzioni chiavi in mano<\/strong>, basate sulla camera rivestita del deposito NEG.<\/p>\n<div class=\"fusion-clearfix\"><\/div>\n\n\t\t\t\t\t<\/div>\n\t\t\t\t<\/div><div  class=\"fusion-layout-column fusion_builder_column fusion_builder_column_1_2  fusion-one-half fusion-column-first 1_2\"  style='margin-top:0px;margin-bottom:20px;width:48%; margin-right: 4%;'>\n\t\t\t\t\t<div class=\"fusion-column-wrapper\" style=\"background-position:left top;background-repeat:no-repeat;-webkit-background-size:cover;-moz-background-size:cover;-o-background-size:cover;background-size:cover;\"  data-bg-url=\"\">\n\t\t\t\t\t\t<p>\u00c8 di fondamentale importanza nei sistemi da vuoto saper simulare e prevedere l&#8217;evoluzione della pressione, per esempio in funzione della distribuzione delle pompe, delle superfici di degasaggio e della geometria del sistema. Questo consente di ottimizzare la progettazione del sistema stesso, minimizzando per esempio il gruppo di pompaggio o riducendo, fin dalla fase iniziale eventuali fattori critici. SAES RIAL Vacuum pu\u00f2 effettuare calcoli con programmi di riconosciuta validit\u00e0 nella comunit\u00e0 scientifica del vuoto, come MOLFLOW+, VASCO, LTspice, e anche con codici sviluppati internamente, come SimulaTorr.<\/p>\n<p>Un esempio di modello della distribuzione dello spessore del rivestimento NEG lungo la sezione di una camera \u00e8 mostrato nelle immagini per un dato profilo della camera.<\/p>\n<p>In questo caso il modello fisico comprende l\u2019utilizzo di tre catodi.<\/p>\n<p>Lo spessore del rivestimento e la composizione chimica dopo il processo di deposizione possono essere certificati tramite misure sperimentali su coupon in silicio rappresentativi del processo di sputtering.<\/p>\n<p>I coupon in silicio sono inseriti in camere di estensione collegate alla camera che si vuole depositare ed esposti allo stesso processo di rivestimento.<\/p>\n<div class=\"fusion-clearfix\"><\/div>\n\n\t\t\t\t\t<\/div>\n\t\t\t\t<\/div><div  class=\"fusion-layout-column fusion_builder_column fusion_builder_column_1_2  fusion-one-half fusion-column-last 1_2\"  style='margin-top:0px;margin-bottom:20px;width:48%'>\n\t\t\t\t\t<div class=\"fusion-column-wrapper\" style=\"background-position:left top;background-repeat:no-repeat;-webkit-background-size:cover;-moz-background-size:cover;-o-background-size:cover;background-size:cover;\"  data-bg-url=\"\">\n\t\t\t\t\t\t<span class=\"fusion-imageframe imageframe-none imageframe-2 hover-type-none\"><a href=\"http:\/\/saesrial.com\/wp-content\/uploads\/2016\/08\/non_evapo_2.jpg\" class=\"fusion-lightbox\" data-rel=\"iLightbox[7338e931f068df07743]\" data-title=\"non_evapo_2\" title=\"non_evapo_2\"><img loading=\"lazy\" src=\"http:\/\/saesrial.com\/wp-content\/uploads\/2016\/08\/non_evapo_2.jpg\" width=\"1200\" height=\"771\" alt=\"\" class=\"img-responsive wp-image-12356\" srcset=\"https:\/\/saesrial.com\/wp-content\/uploads\/2016\/08\/non_evapo_2-200x129.jpg 200w, https:\/\/saesrial.com\/wp-content\/uploads\/2016\/08\/non_evapo_2-400x257.jpg 400w, https:\/\/saesrial.com\/wp-content\/uploads\/2016\/08\/non_evapo_2-600x386.jpg 600w, https:\/\/saesrial.com\/wp-content\/uploads\/2016\/08\/non_evapo_2-800x514.jpg 800w, https:\/\/saesrial.com\/wp-content\/uploads\/2016\/08\/non_evapo_2.jpg 1200w\" sizes=\"(max-width: 800px) 100vw, 1200px\" \/><\/a><\/span><div class=\"fusion-clearfix\"><\/div>\n\n\t\t\t\t\t<\/div>\n\t\t\t\t<\/div><\/div><\/div>\n","protected":false},"excerpt":{"rendered":"","protected":false},"author":2,"featured_media":0,"parent":0,"menu_order":0,"comment_status":"closed","ping_status":"closed","template":"","meta":[],"yoast_head":"<!-- This site is optimized with the Yoast SEO plugin v16.1.1 - https:\/\/yoast.com\/wordpress\/plugins\/seo\/ -->\n<title>Rivestimento con Getter non evaporabili (NEG) - Saes Rial<\/title>\n<link rel=\"canonical\" href=\"http:\/\/saesrial.com\/it\/rivestimento-con-getter-non-evaporabili-neg\/\" \/>\n<meta property=\"og:locale\" content=\"it_IT\" \/>\n<meta property=\"og:type\" content=\"article\" \/>\n<meta property=\"og:title\" content=\"Rivestimento con Getter non evaporabili (NEG) - Saes Rial\" \/>\n<meta property=\"og:url\" content=\"http:\/\/saesrial.com\/it\/rivestimento-con-getter-non-evaporabili-neg\/\" \/>\n<meta property=\"og:site_name\" content=\"Saes Rial\" \/>\n<meta property=\"article:modified_time\" content=\"2017-03-21T15:47:43+00:00\" \/>\n<meta property=\"og:image\" content=\"http:\/\/saesrial.com\/wp-content\/uploads\/2016\/12\/non_evapo_1-2.jpg\" \/>\n<meta name=\"twitter:card\" content=\"summary\" \/>\n<meta name=\"twitter:label1\" content=\"Tempo di lettura stimato\">\n\t<meta name=\"twitter:data1\" content=\"5 minuti\">\n<script type=\"application\/ld+json\" class=\"yoast-schema-graph\">{\"@context\":\"https:\/\/schema.org\",\"@graph\":[{\"@type\":\"WebSite\",\"@id\":\"https:\/\/saesrial.com\/#website\",\"url\":\"https:\/\/saesrial.com\/\",\"name\":\"Saes Rial\",\"description\":\"\",\"potentialAction\":[{\"@type\":\"SearchAction\",\"target\":\"https:\/\/saesrial.com\/?s={search_term_string}\",\"query-input\":\"required name=search_term_string\"}],\"inLanguage\":\"it-IT\"},{\"@type\":\"ImageObject\",\"@id\":\"http:\/\/saesrial.com\/it\/rivestimento-con-getter-non-evaporabili-neg\/#primaryimage\",\"inLanguage\":\"it-IT\",\"url\":\"http:\/\/saesrial.com\/wp-content\/uploads\/2016\/12\/non_evapo_1-2.jpg\",\"contentUrl\":\"http:\/\/saesrial.com\/wp-content\/uploads\/2016\/12\/non_evapo_1-2.jpg\"},{\"@type\":\"WebPage\",\"@id\":\"http:\/\/saesrial.com\/it\/rivestimento-con-getter-non-evaporabili-neg\/#webpage\",\"url\":\"http:\/\/saesrial.com\/it\/rivestimento-con-getter-non-evaporabili-neg\/\",\"name\":\"Rivestimento con Getter non evaporabili (NEG) - Saes Rial\",\"isPartOf\":{\"@id\":\"https:\/\/saesrial.com\/#website\"},\"primaryImageOfPage\":{\"@id\":\"http:\/\/saesrial.com\/it\/rivestimento-con-getter-non-evaporabili-neg\/#primaryimage\"},\"datePublished\":\"2016-08-02T17:09:43+00:00\",\"dateModified\":\"2017-03-21T15:47:43+00:00\",\"breadcrumb\":{\"@id\":\"http:\/\/saesrial.com\/it\/rivestimento-con-getter-non-evaporabili-neg\/#breadcrumb\"},\"inLanguage\":\"it-IT\",\"potentialAction\":[{\"@type\":\"ReadAction\",\"target\":[\"http:\/\/saesrial.com\/it\/rivestimento-con-getter-non-evaporabili-neg\/\"]}]},{\"@type\":\"BreadcrumbList\",\"@id\":\"http:\/\/saesrial.com\/it\/rivestimento-con-getter-non-evaporabili-neg\/#breadcrumb\",\"itemListElement\":[{\"@type\":\"ListItem\",\"position\":1,\"item\":{\"@type\":\"WebPage\",\"@id\":\"https:\/\/saesrial.com\/it\/\",\"url\":\"https:\/\/saesrial.com\/it\/\",\"name\":\"Home\"}},{\"@type\":\"ListItem\",\"position\":2,\"item\":{\"@type\":\"WebPage\",\"@id\":\"http:\/\/saesrial.com\/it\/rivestimento-con-getter-non-evaporabili-neg\/\",\"url\":\"http:\/\/saesrial.com\/it\/rivestimento-con-getter-non-evaporabili-neg\/\",\"name\":\"Rivestimento con Getter non evaporabili (NEG)\"}}]}]}<\/script>\n<!-- \/ Yoast SEO plugin. -->","_links":{"self":[{"href":"https:\/\/saesrial.com\/it\/wp-json\/wp\/v2\/pages\/12450"}],"collection":[{"href":"https:\/\/saesrial.com\/it\/wp-json\/wp\/v2\/pages"}],"about":[{"href":"https:\/\/saesrial.com\/it\/wp-json\/wp\/v2\/types\/page"}],"author":[{"embeddable":true,"href":"https:\/\/saesrial.com\/it\/wp-json\/wp\/v2\/users\/2"}],"replies":[{"embeddable":true,"href":"https:\/\/saesrial.com\/it\/wp-json\/wp\/v2\/comments?post=12450"}],"version-history":[{"count":2,"href":"https:\/\/saesrial.com\/it\/wp-json\/wp\/v2\/pages\/12450\/revisions"}],"predecessor-version":[{"id":12458,"href":"https:\/\/saesrial.com\/it\/wp-json\/wp\/v2\/pages\/12450\/revisions\/12458"}],"wp:attachment":[{"href":"https:\/\/saesrial.com\/it\/wp-json\/wp\/v2\/media?parent=12450"}],"curies":[{"name":"wp","href":"https:\/\/api.w.org\/{rel}","templated":true}]}}