{"id":12430,"date":"2016-08-02T19:07:11","date_gmt":"2016-08-02T17:07:11","guid":{"rendered":"http:\/\/saesrial.com\/prodotti-servizi\/for-the-industry\/"},"modified":"2017-03-21T16:24:44","modified_gmt":"2017-03-21T15:24:44","slug":"per-lindustria","status":"publish","type":"page","link":"https:\/\/saesrial.com\/it\/prodotti-servizi\/per-lindustria\/","title":{"rendered":"Per l&#8217;industria"},"content":{"rendered":"<p><div  class=\"fusion-fullwidth fullwidth-box nonhundred-percent-fullwidth\"  style='background-color: #cfcfcf;background-position: left top;background-repeat: no-repeat;padding-top:0px;padding-right:20px;padding-bottom:0px;padding-left:20px;border-top-width:0px;border-bottom-width:0px;border-color:#eae9e9;border-top-style:solid;border-bottom-style:solid;'><div class=\"fusion-builder-row fusion-row \"><div  class=\"fusion-layout-column fusion_builder_column fusion_builder_column_1_1  fusion-one-full fusion-column-first fusion-column-last fusion-column-no-min-height 1_1\"  style='margin-top:0px;margin-bottom:0px;'>\n\t\t\t\t\t<div class=\"fusion-column-wrapper\" style=\"background-position:left top;background-repeat:no-repeat;-webkit-background-size:cover;-moz-background-size:cover;-o-background-size:cover;background-size:cover;\"  data-bg-url=\"\">\n\t\t\t\t\t\t<div class=\"fusion-title title fusion-title-size-two\" style=\"margin-top:30px;margin-bottom:30px;\"><h2 class=\"title-heading-left\"><strong><span style=\"color: #dd3333;\">Per l&#8217;industria<\/span><\/strong><\/h2><div class=\"title-sep-container\"><div class=\"title-sep sep-double sep-solid\" style=\"border-color:#dd3333;\"><\/div><\/div><\/div><p>SAES RIAL Vacuum produce una vasta gamma di camere da vuoto utilizzabili per rivestimenti sotto vuoto o per processi in ambiente controllato. La qualit\u00e0 delle camere assicura i migliori risultati in termini di riproducibilit\u00e0 dei risultati e di assenza di contaminazione.<\/p>\n<div class=\"fusion-clearfix\"><\/div>\n\n\t\t\t\t\t<\/div>\n\t\t\t\t<\/div><\/div><\/div><div  class=\"fusion-fullwidth fullwidth-box nonhundred-percent-fullwidth\"  style='background-color: #ffffff;background-position: left top;background-repeat: no-repeat;padding-top:0px;padding-right:20px;padding-bottom:0px;padding-left:20px;margin-bottom: 280px;border-top-width:0px;border-bottom-width:0px;border-color:#eae9e9;border-top-style:solid;border-bottom-style:solid;'><div class=\"fusion-builder-row fusion-row \"><div  class=\"fusion-layout-column fusion_builder_column fusion_builder_column_1_1  fusion-one-full fusion-column-first fusion-column-last fusion-column-no-min-height 1_1\"  style='margin-top:0px;margin-bottom:0px;'>\n\t\t\t\t\t<div class=\"fusion-column-wrapper\" style=\"background-position:left top;background-repeat:no-repeat;-webkit-background-size:cover;-moz-background-size:cover;-o-background-size:cover;background-size:cover;\"  data-bg-url=\"\">\n\t\t\t\t\t\t<div class=\"fusion-title title fusion-title-size-two\" style=\"margin-top:30px;margin-bottom:30px;\"><h2 class=\"title-heading-left\">Camere di rivestimento e processo<\/h2><div class=\"title-sep-container\"><div class=\"title-sep sep-double sep-solid\" style=\"border-color:#e0dede;\"><\/div><\/div><\/div><div class=\"fusion-clearfix\"><\/div>\n\n\t\t\t\t\t<\/div>\n\t\t\t\t<\/div><div  class=\"fusion-layout-column fusion_builder_column fusion_builder_column_1_4  fusion-one-fourth fusion-column-first 1_4\"  style='margin-top:0px;margin-bottom:20px;width:22%; margin-right: 4%;'>\n\t\t\t\t\t<div class=\"fusion-column-wrapper\" style=\"background-position:left top;background-repeat:no-repeat;-webkit-background-size:cover;-moz-background-size:cover;-o-background-size:cover;background-size:cover;\"  data-bg-url=\"\">\n\t\t\t\t\t\t<div class=\"imageframe-align-center\"><span class=\"fusion-imageframe imageframe-none imageframe-1 hover-type-none\"><img loading=\"lazy\" src=\"http:\/\/saesrial.com\/wp-content\/uploads\/2016\/08\/coating.png\" width=\"297\" height=\"253\" alt=\"\" title=\"coating\" class=\"img-responsive wp-image-12368\" srcset=\"https:\/\/saesrial.com\/wp-content\/uploads\/2016\/08\/coating-200x170.png 200w, https:\/\/saesrial.com\/wp-content\/uploads\/2016\/08\/coating.png 297w\" sizes=\"(max-width: 800px) 100vw, 1200px\" \/><\/span><\/div><div class=\"fusion-clearfix\"><\/div>\n\n\t\t\t\t\t<\/div>\n\t\t\t\t<\/div><div  class=\"fusion-layout-column fusion_builder_column fusion_builder_column_3_4  fusion-three-fourth fusion-column-last 3_4\"  style='margin-top:0px;margin-bottom:20px;width:74%'>\n\t\t\t\t\t<div class=\"fusion-column-wrapper\" style=\"background-position:left top;background-repeat:no-repeat;-webkit-background-size:cover;-moz-background-size:cover;-o-background-size:cover;background-size:cover;\"  data-bg-url=\"\">\n\t\t\t\t\t\t<p>Le propriet\u00e0 funzionali della superficie di un materiale possono essere modificate con l&#8217;aggiunta di un sottile strato, evaporato o deposto per \u201csputtering\u201d, di un diverso e appropriato elemento. Per esempio, le propriet\u00e0 ottiche delle lenti come la trasmissione della luce, la riflessivit\u00e0 o la polarizzazione, possono essere modificate con l\u2019aggiunta di una sottile pellicola depositata sulle lenti stesse.<br \/>\nQuesta tecnologia \u00e8 applicabile sia in campo scientifico, laddove la radiazione elettromagnetica debba essere correttamente manipolata (per esempio polarizzata o filtrata), che industriale (per esempio nelle lenti per occhiali di uso comune).<br \/>\nAnche in questo caso, il processo di rivestimento \u00e8 realizzato in un ambiente sotto vuoto: anche qui si richiedono camere da vuoto con un&#8217;adeguata pulizia e integrit\u00e0 per garantire la non contaminazione del film depositato e la qualit\u00e0 e la riproducibilit\u00e0 del prodotto finale.<\/p>\n<div class=\"fusion-clearfix\"><\/div>\n\n\t\t\t\t\t<\/div>\n\t\t\t\t<\/div><div  class=\"fusion-layout-column fusion_builder_column fusion_builder_column_1_1  fusion-one-full fusion-column-first fusion-column-last fusion-column-no-min-height 1_1\"  style='margin-top:0px;margin-bottom:0px;'>\n\t\t\t\t\t<div class=\"fusion-column-wrapper\" style=\"background-position:left top;background-repeat:no-repeat;-webkit-background-size:cover;-moz-background-size:cover;-o-background-size:cover;background-size:cover;\"  data-bg-url=\"\">\n\t\t\t\t\t\t<div class=\"fusion-title title fusion-title-size-two\" style=\"margin-top:30px;margin-bottom:30px;\"><h2 class=\"title-heading-left\">Cibo e bevande<\/h2><div class=\"title-sep-container\"><div class=\"title-sep sep-double sep-solid\" style=\"border-color:#e0dede;\"><\/div><\/div><\/div><div class=\"fusion-clearfix\"><\/div>\n\n\t\t\t\t\t<\/div>\n\t\t\t\t<\/div><div  class=\"fusion-layout-column fusion_builder_column fusion_builder_column_1_4  fusion-one-fourth fusion-column-first 1_4\"  style='margin-top:0px;margin-bottom:20px;width:22%; margin-right: 4%;'>\n\t\t\t\t\t<div class=\"fusion-column-wrapper\" style=\"background-position:left top;background-repeat:no-repeat;-webkit-background-size:cover;-moz-background-size:cover;-o-background-size:cover;background-size:cover;\"  data-bg-url=\"\">\n\t\t\t\t\t\t<div class=\"imageframe-align-center\"><span class=\"fusion-imageframe imageframe-none imageframe-2 hover-type-none\"><img loading=\"lazy\" src=\"http:\/\/saesrial.com\/wp-content\/uploads\/2016\/08\/Vaacum_2.png\" width=\"300\" height=\"300\" alt=\"\" title=\"Vaacum_2\" class=\"img-responsive wp-image-12384\" srcset=\"https:\/\/saesrial.com\/wp-content\/uploads\/2016\/08\/Vaacum_2-200x200.png 200w, https:\/\/saesrial.com\/wp-content\/uploads\/2016\/08\/Vaacum_2.png 300w\" sizes=\"(max-width: 800px) 100vw, 1200px\" \/><\/span><\/div><div class=\"fusion-clearfix\"><\/div>\n\n\t\t\t\t\t<\/div>\n\t\t\t\t<\/div><div  class=\"fusion-layout-column fusion_builder_column fusion_builder_column_1_4  fusion-one-fourth 1_4\"  style='margin-top:0px;margin-bottom:20px;width:22%; margin-right: 4%;'>\n\t\t\t\t\t<div class=\"fusion-column-wrapper\" style=\"background-position:left top;background-repeat:no-repeat;-webkit-background-size:cover;-moz-background-size:cover;-o-background-size:cover;background-size:cover;\"  data-bg-url=\"\">\n\t\t\t\t\t\t<div class=\"imageframe-align-center\"><span class=\"fusion-imageframe imageframe-none imageframe-3 hover-type-none\"><img loading=\"lazy\" src=\"http:\/\/saesrial.com\/wp-content\/uploads\/2016\/08\/Vacuum_1.png\" width=\"300\" height=\"300\" alt=\"\" title=\"Vacuum_1\" class=\"img-responsive wp-image-12385\" srcset=\"https:\/\/saesrial.com\/wp-content\/uploads\/2016\/08\/Vacuum_1-200x200.png 200w, https:\/\/saesrial.com\/wp-content\/uploads\/2016\/08\/Vacuum_1.png 300w\" sizes=\"(max-width: 800px) 100vw, 1200px\" \/><\/span><\/div><div class=\"fusion-clearfix\"><\/div>\n\n\t\t\t\t\t<\/div>\n\t\t\t\t<\/div><div  class=\"fusion-layout-column fusion_builder_column fusion_builder_column_1_2  fusion-one-half fusion-column-last 1_2\"  style='margin-top:0px;margin-bottom:20px;width:48%'>\n\t\t\t\t\t<div class=\"fusion-column-wrapper\" style=\"background-position:left top;background-repeat:no-repeat;-webkit-background-size:cover;-moz-background-size:cover;-o-background-size:cover;background-size:cover;\"  data-bg-url=\"\">\n\t\t\t\t\t\t<p>SAES RIAL Vacuum fornisce regolarmente l&#8217;industria alimentare e delle bevande offrendo camere e sistemi per dosatura e carico di liquidi e materie prime.<br \/>\nL&#8217;esperienza nelle tecnologie dell\u2019alto vuoto \u00e8 in questo caso importante per garantire l\u2019opportuno trattamento delle superfici, l\u2019assenza di recessi che potrebbero intrappolare sporco o microorganismi e un elevato livello di pulizia complessiva, come richiesto da questa industria.<\/p>\n<div class=\"fusion-clearfix\"><\/div>\n\n\t\t\t\t\t<\/div>\n\t\t\t\t<\/div><\/div><\/div><\/p>\n","protected":false},"excerpt":{"rendered":"","protected":false},"author":2,"featured_media":0,"parent":12419,"menu_order":0,"comment_status":"closed","ping_status":"closed","template":"","meta":[],"yoast_head":"<!-- This site is optimized with the Yoast SEO plugin v16.1.1 - https:\/\/yoast.com\/wordpress\/plugins\/seo\/ -->\n<title>Per l&#039;industria - Saes Rial<\/title>\n<link rel=\"canonical\" href=\"https:\/\/saesrial.com\/it\/prodotti-servizi\/per-lindustria\/\" \/>\n<meta property=\"og:locale\" content=\"it_IT\" \/>\n<meta property=\"og:type\" content=\"article\" \/>\n<meta property=\"og:title\" content=\"Per l&#039;industria - Saes Rial\" \/>\n<meta property=\"og:url\" content=\"https:\/\/saesrial.com\/it\/prodotti-servizi\/per-lindustria\/\" \/>\n<meta property=\"og:site_name\" content=\"Saes Rial\" \/>\n<meta property=\"article:modified_time\" content=\"2017-03-21T15:24:44+00:00\" \/>\n<meta property=\"og:image\" content=\"http:\/\/saesrial.com\/wp-content\/uploads\/2016\/08\/coating.png\" \/>\n<meta name=\"twitter:card\" content=\"summary\" \/>\n<meta name=\"twitter:label1\" content=\"Tempo di lettura stimato\">\n\t<meta name=\"twitter:data1\" content=\"6 minuti\">\n<script type=\"application\/ld+json\" class=\"yoast-schema-graph\">{\"@context\":\"https:\/\/schema.org\",\"@graph\":[{\"@type\":\"WebSite\",\"@id\":\"https:\/\/saesrial.com\/#website\",\"url\":\"https:\/\/saesrial.com\/\",\"name\":\"Saes Rial\",\"description\":\"\",\"potentialAction\":[{\"@type\":\"SearchAction\",\"target\":\"https:\/\/saesrial.com\/?s={search_term_string}\",\"query-input\":\"required name=search_term_string\"}],\"inLanguage\":\"it-IT\"},{\"@type\":\"ImageObject\",\"@id\":\"https:\/\/saesrial.com\/it\/prodotti-servizi\/per-lindustria\/#primaryimage\",\"inLanguage\":\"it-IT\",\"url\":\"http:\/\/saesrial.com\/wp-content\/uploads\/2016\/08\/coating.png\",\"contentUrl\":\"http:\/\/saesrial.com\/wp-content\/uploads\/2016\/08\/coating.png\"},{\"@type\":\"WebPage\",\"@id\":\"https:\/\/saesrial.com\/it\/prodotti-servizi\/per-lindustria\/#webpage\",\"url\":\"https:\/\/saesrial.com\/it\/prodotti-servizi\/per-lindustria\/\",\"name\":\"Per l'industria - Saes Rial\",\"isPartOf\":{\"@id\":\"https:\/\/saesrial.com\/#website\"},\"primaryImageOfPage\":{\"@id\":\"https:\/\/saesrial.com\/it\/prodotti-servizi\/per-lindustria\/#primaryimage\"},\"datePublished\":\"2016-08-02T17:07:11+00:00\",\"dateModified\":\"2017-03-21T15:24:44+00:00\",\"breadcrumb\":{\"@id\":\"https:\/\/saesrial.com\/it\/prodotti-servizi\/per-lindustria\/#breadcrumb\"},\"inLanguage\":\"it-IT\",\"potentialAction\":[{\"@type\":\"ReadAction\",\"target\":[\"https:\/\/saesrial.com\/it\/prodotti-servizi\/per-lindustria\/\"]}]},{\"@type\":\"BreadcrumbList\",\"@id\":\"https:\/\/saesrial.com\/it\/prodotti-servizi\/per-lindustria\/#breadcrumb\",\"itemListElement\":[{\"@type\":\"ListItem\",\"position\":1,\"item\":{\"@type\":\"WebPage\",\"@id\":\"https:\/\/saesrial.com\/it\/\",\"url\":\"https:\/\/saesrial.com\/it\/\",\"name\":\"Home\"}},{\"@type\":\"ListItem\",\"position\":2,\"item\":{\"@type\":\"WebPage\",\"@id\":\"http:\/\/saesrial.com\/it\/prodotti-servizi\/\",\"url\":\"http:\/\/saesrial.com\/it\/prodotti-servizi\/\",\"name\":\"Prodotti e servizi\"}},{\"@type\":\"ListItem\",\"position\":3,\"item\":{\"@type\":\"WebPage\",\"@id\":\"https:\/\/saesrial.com\/it\/prodotti-servizi\/per-lindustria\/\",\"url\":\"https:\/\/saesrial.com\/it\/prodotti-servizi\/per-lindustria\/\",\"name\":\"Per l&#8217;industria\"}}]}]}<\/script>\n<!-- \/ Yoast SEO plugin. -->","_links":{"self":[{"href":"https:\/\/saesrial.com\/it\/wp-json\/wp\/v2\/pages\/12430"}],"collection":[{"href":"https:\/\/saesrial.com\/it\/wp-json\/wp\/v2\/pages"}],"about":[{"href":"https:\/\/saesrial.com\/it\/wp-json\/wp\/v2\/types\/page"}],"author":[{"embeddable":true,"href":"https:\/\/saesrial.com\/it\/wp-json\/wp\/v2\/users\/2"}],"replies":[{"embeddable":true,"href":"https:\/\/saesrial.com\/it\/wp-json\/wp\/v2\/comments?post=12430"}],"version-history":[{"count":2,"href":"https:\/\/saesrial.com\/it\/wp-json\/wp\/v2\/pages\/12430\/revisions"}],"predecessor-version":[{"id":12439,"href":"https:\/\/saesrial.com\/it\/wp-json\/wp\/v2\/pages\/12430\/revisions\/12439"}],"up":[{"embeddable":true,"href":"https:\/\/saesrial.com\/it\/wp-json\/wp\/v2\/pages\/12419"}],"wp:attachment":[{"href":"https:\/\/saesrial.com\/it\/wp-json\/wp\/v2\/media?parent=12430"}],"curies":[{"name":"wp","href":"https:\/\/api.w.org\/{rel}","templated":true}]}}