{"id":12428,"date":"2016-08-02T19:04:46","date_gmt":"2016-08-02T17:04:46","guid":{"rendered":"http:\/\/saesrial.com\/prodotti-servizi\/for-accelerators\/"},"modified":"2017-03-21T16:20:34","modified_gmt":"2017-03-21T15:20:34","slug":"per-acceleratori","status":"publish","type":"page","link":"https:\/\/saesrial.com\/it\/prodotti-servizi\/per-acceleratori\/","title":{"rendered":"Per acceleratori"},"content":{"rendered":"<p><div  class=\"fusion-fullwidth fullwidth-box nonhundred-percent-fullwidth\"  style='background-color: #cfcfcf;background-position: left top;background-repeat: no-repeat;padding-top:0px;padding-right:20px;padding-bottom:0px;padding-left:20px;border-top-width:0px;border-bottom-width:0px;border-color:#eae9e9;border-top-style:solid;border-bottom-style:solid;'><div class=\"fusion-builder-row fusion-row \"><div  class=\"fusion-layout-column fusion_builder_column fusion_builder_column_1_1  fusion-one-full fusion-column-first fusion-column-last fusion-column-no-min-height 1_1\"  style='margin-top:0px;margin-bottom:0px;'>\n\t\t\t\t\t<div class=\"fusion-column-wrapper\" style=\"background-position:left top;background-repeat:no-repeat;-webkit-background-size:cover;-moz-background-size:cover;-o-background-size:cover;background-size:cover;\"  data-bg-url=\"\">\n\t\t\t\t\t\t<div class=\"fusion-title title fusion-title-size-two\" style=\"margin-top:30px;margin-bottom:30px;\"><h2 class=\"title-heading-left\"><strong><span style=\"color: #dd3333;\">Per acceleratori<\/span><\/strong><\/h2><div class=\"title-sep-container\"><div class=\"title-sep sep-double sep-solid\" style=\"border-color:#dd3333;\"><\/div><\/div><\/div><p>Gli acceleratori sono macchine molto complesse, composte da un gran numero di camere e dispositivi compatibili con l\u2019alto o l\u2019ultra alto vuoto. Tutte le superfici esposte al vuoto devono possedere la giusta rugosit\u00e0 superficiale e devono essere adeguatamente trattate e pulite per minimizzare il carico di degasaggio sul sistema di pompaggio.<br \/>\nDurante il funzionamento dell&#8217;acceleratore, le superfici in vuoto sono normalmente esposte anche a radiazioni, sia sotto forma di particelle accelerate che di radiazione elettromagnetica. Questo aumenta in modo significativo il desorbimento di gas dalla superficie (degasaggio dinamico) e comporta elevati carichi termici sulle superfici e sui componenti esposti alla radiazione.<br \/>\nUn&#8217;appropriata selezione dei materiali, della loro pulizia e dei trattamenti superficiali, cos\u00ec come un efficace raffreddamento delle parti sono perci\u00f2 decisivi in molte applicazioni.<br \/>\nLe camere da vuoto immerse o vicine a forti campi magnetici necessitano inoltre di una bassissima permeabilit\u00e0 magnetica per evitare sforzi strutturali o interazioni con i fasci di particelle cariche. La selezione di materiali con opportune propriet\u00e0 magnetiche \u00e8 quindi un importante requisito in varie applicazioni.<br \/>\nLa complessit\u00e0 degli esperimenti di fisica effettuati con gli acceleratori fa inoltre s\u00ec che molte camere e dispositivi abbiano forme e geometrie molto complesse, con limiti dimensionali e\u00a0 tolleranze estremamente strette. In questi casi pu\u00f2 essere necessario ricorre a speciali tecniche di lavorazione a controllo numerico, il taglio a filo (EDM), l&#8217;adozione di tecnologie di saldatura e brasatura di parti e componenti e la massima attenzione nella manipolazione e pulizia dei manufatti.<\/p>\n<div class=\"fusion-clearfix\"><\/div>\n\n\t\t\t\t\t<\/div>\n\t\t\t\t<\/div><\/div><\/div><div  class=\"fusion-fullwidth fullwidth-box nonhundred-percent-fullwidth\"  style='background-color: #ffffff;background-position: left top;background-repeat: no-repeat;padding-top:0px;padding-right:20px;padding-bottom:0px;padding-left:20px;border-top-width:0px;border-bottom-width:0px;border-color:#eae9e9;border-top-style:solid;border-bottom-style:solid;'><div class=\"fusion-builder-row fusion-row \"><div  class=\"fusion-layout-column fusion_builder_column fusion_builder_column_1_1  fusion-one-full fusion-column-first fusion-column-last fusion-column-no-min-height 1_1\"  style='margin-top:0px;margin-bottom:0px;'>\n\t\t\t\t\t<div class=\"fusion-column-wrapper\" style=\"background-position:left top;background-repeat:no-repeat;-webkit-background-size:cover;-moz-background-size:cover;-o-background-size:cover;background-size:cover;\"  data-bg-url=\"\">\n\t\t\t\t\t\t<div class=\"fusion-title title fusion-title-size-two\" style=\"margin-top:30px;margin-bottom:30px;\"><h2 class=\"title-heading-left\">Soffietti RF<\/h2><div class=\"title-sep-container\"><div class=\"title-sep sep-double sep-solid\" style=\"border-color:#e0dede;\"><\/div><\/div><\/div><div class=\"fusion-clearfix\"><\/div>\n\n\t\t\t\t\t<\/div>\n\t\t\t\t<\/div><div  class=\"fusion-layout-column fusion_builder_column fusion_builder_column_1_4  fusion-one-fourth fusion-column-first 1_4\"  style='margin-top:0px;margin-bottom:20px;width:22%; margin-right: 4%;'>\n\t\t\t\t\t<div class=\"fusion-column-wrapper\" style=\"background-position:left top;background-repeat:no-repeat;-webkit-background-size:cover;-moz-background-size:cover;-o-background-size:cover;background-size:cover;\"  data-bg-url=\"\">\n\t\t\t\t\t\t<div class=\"imageframe-align-center\"><span class=\"fusion-imageframe imageframe-none imageframe-1 hover-type-none\"><img loading=\"lazy\" src=\"http:\/\/saesrial.com\/wp-content\/uploads\/2016\/08\/demo-prodotto.png\" width=\"297\" height=\"253\" alt=\"\" title=\"demo-prodotto\" class=\"img-responsive wp-image-12347\" srcset=\"https:\/\/saesrial.com\/wp-content\/uploads\/2016\/08\/demo-prodotto-200x170.png 200w, https:\/\/saesrial.com\/wp-content\/uploads\/2016\/08\/demo-prodotto.png 297w\" sizes=\"(max-width: 800px) 100vw, 1200px\" \/><\/span><\/div><div class=\"fusion-clearfix\"><\/div>\n\n\t\t\t\t\t<\/div>\n\t\t\t\t<\/div><div  class=\"fusion-layout-column fusion_builder_column fusion_builder_column_3_4  fusion-three-fourth fusion-column-last 3_4\"  style='margin-top:0px;margin-bottom:20px;width:74%'>\n\t\t\t\t\t<div class=\"fusion-column-wrapper\" style=\"background-position:left top;background-repeat:no-repeat;-webkit-background-size:cover;-moz-background-size:cover;-o-background-size:cover;background-size:cover;\"  data-bg-url=\"\">\n\t\t\t\t\t\t<p>Questi dispositivi sono fondamentali sia nei sincrotroni che nei collider. La produzione pu\u00f2 richiedere una combinazione di diverse tecnologie di lavorazione, che comprendono in alcuni casi tecniche EDM a tuffo o a filo. Anche l&#8217;esperienza nelle saldature \u00e8 essenziale per garantire prestazioni e affidabilit\u00e0 a lungo termine durante l&#8217;operativit\u00e0 e sotto alti carichi termici e stress meccanici. In entrambe le aree, SAES RIAL Vacuum ha sviluppato un&#8217;esperienza unica nella progettazione, nella realizzazione e nel collaudo.<\/p>\n<div class=\"fusion-clearfix\"><\/div>\n\n\t\t\t\t\t<\/div>\n\t\t\t\t<\/div><\/div><\/div><div  class=\"fusion-fullwidth fullwidth-box nonhundred-percent-fullwidth\"  style='background-color: #ffffff;background-position: left top;background-repeat: no-repeat;padding-top:0px;padding-right:20px;padding-bottom:0px;padding-left:20px;border-top-width:0px;border-bottom-width:0px;border-color:#eae9e9;border-top-style:solid;border-bottom-style:solid;'><div class=\"fusion-builder-row fusion-row \"><div  class=\"fusion-layout-column fusion_builder_column fusion_builder_column_1_1  fusion-one-full fusion-column-first fusion-column-last fusion-column-no-min-height 1_1\"  style='margin-top:0px;margin-bottom:0px;'>\n\t\t\t\t\t<div class=\"fusion-column-wrapper\" style=\"background-position:left top;background-repeat:no-repeat;-webkit-background-size:cover;-moz-background-size:cover;-o-background-size:cover;background-size:cover;\"  data-bg-url=\"\">\n\t\t\t\t\t\t<div class=\"fusion-title title fusion-title-size-two\" style=\"margin-top:0px;margin-bottom:30px;\"><h2 class=\"title-heading-left\">Ondulatori<\/h2><div class=\"title-sep-container\"><div class=\"title-sep sep-double sep-solid\" style=\"border-color:#e0dede;\"><\/div><\/div><\/div><div class=\"fusion-clearfix\"><\/div>\n\n\t\t\t\t\t<\/div>\n\t\t\t\t<\/div><div  class=\"fusion-layout-column fusion_builder_column fusion_builder_column_1_4  fusion-one-fourth fusion-column-first 1_4\"  style='margin-top:0px;margin-bottom:20px;width:22%; margin-right: 4%;'>\n\t\t\t\t\t<div class=\"fusion-column-wrapper\" style=\"background-position:left top;background-repeat:no-repeat;-webkit-background-size:cover;-moz-background-size:cover;-o-background-size:cover;background-size:cover;\"  data-bg-url=\"\">\n\t\t\t\t\t\t<div class=\"imageframe-align-center\"><span class=\"fusion-imageframe imageframe-none imageframe-2 hover-type-none\"><img loading=\"lazy\" src=\"http:\/\/saesrial.com\/wp-content\/uploads\/2016\/08\/Undulator.png\" width=\"297\" height=\"253\" alt=\"\" title=\"undulator\" class=\"img-responsive wp-image-12366\"\/><\/span><\/div><div class=\"fusion-clearfix\"><\/div>\n\n\t\t\t\t\t<\/div>\n\t\t\t\t<\/div><div  class=\"fusion-layout-column fusion_builder_column fusion_builder_column_3_4  fusion-three-fourth fusion-column-last 3_4\"  style='margin-top:0px;margin-bottom:20px;width:74%'>\n\t\t\t\t\t<div class=\"fusion-column-wrapper\" style=\"background-position:left top;background-repeat:no-repeat;-webkit-background-size:cover;-moz-background-size:cover;-o-background-size:cover;background-size:cover;\"  data-bg-url=\"\">\n\t\t\t\t\t\t<p>Gli ondulatori sono camere da vuoto di varia complessit\u00e0 che normalmente fanno parte dell\u2019anello di accumulazione di un sincrotrone, oppure sono componenti di un laser a elettroni liberi. Il loro compito primario \u00e8 quello di generare una radiazione a raggi X molto intensa e concentrata, che viene guidata all\u2019interno delle linee di luce (\u201cBeam lines\u201d) alle stazioni sperimentali, laddove la radiazione X viene utilizzata per esperimenti in diverse branche della scienza.<br \/>\nDurante il funzionamento dell\u2019acceleratore e in particolar modo all\u2019interno degli ondulatori possono aver luogo importanti rilasci di gas a causa dell\u2019interazione tra la radiazione e le superfici esposte al vuoto (desorbimento indotto dalla radiazione). Per ridurre l\u2019entit\u00e0 di questo fenomeno, \u00e8 importante dedicare molta attenzione alla finitura della superficie della camera degli ondulatori, nonch\u00e9 alla pulizia e ai processi in vuoto. L&#8217;uso di pompe UHV a grande velocit\u00e0 di assorbimento \u00e8 importante per mantenere la pressione entro limiti accettabili durante le operazioni dell\u2019 ondulatore.<br \/>\nA questo riguardo, l&#8217;uso di pompe Getter Non Evaporabili (NEG), che assicurano un&#8217;elevata velocit\u00e0 di pompaggio in dimensioni molto pi\u00f9 compatte di altre pompe, pu\u00f2 essere vantaggioso per assicurare un pi\u00f9 rapido condizionamento degli ondulatori e una pressione finale pi\u00f9 bassa.<br \/>\nLa tecnologia NEG \u00e8 essenziale anche per garantire l&#8217;ottenimento di condizioni di bassa pressione all\u2019interno di camere a gap molto stretto, che non sarebbero pompate in modo efficiente da pompe convenzionali montate agli estremi della camera stessa.<br \/>\nNel caso di queste camere a gap ridotto, il materiale getter \u00e8 distribuito sotto forma di una sottile pellicola dello spessore di circa un micron, depositata sulla superficie interna della camera.<\/p>\n<p>SAES RIAL Vacuum possiede l&#8217;esperienza produttiva per fornire sia camere per ondulatori a vuoto, sia camere a gap ridotto rivestite in materiale NEG. In questo ultimo ambito SAES RIAL Vacuum pu\u00f2 contare su 15 anni di esperienza e centinaia di camere depositate con film NEG.<\/p>\n<div class=\"fusion-clearfix\"><\/div>\n\n\t\t\t\t\t<\/div>\n\t\t\t\t<\/div><\/div><\/div><div  class=\"fusion-fullwidth fullwidth-box nonhundred-percent-fullwidth\"  style='background-color: #ffffff;background-position: left top;background-repeat: no-repeat;padding-top:0px;padding-right:20px;padding-bottom:0px;padding-left:20px;border-top-width:0px;border-bottom-width:0px;border-color:#eae9e9;border-top-style:solid;border-bottom-style:solid;'><div class=\"fusion-builder-row fusion-row \"><div  class=\"fusion-layout-column fusion_builder_column fusion_builder_column_1_1  fusion-one-full fusion-column-first fusion-column-last fusion-column-no-min-height 1_1\"  style='margin-top:0px;margin-bottom:0px;'>\n\t\t\t\t\t<div class=\"fusion-column-wrapper\" style=\"background-position:left top;background-repeat:no-repeat;-webkit-background-size:cover;-moz-background-size:cover;-o-background-size:cover;background-size:cover;\"  data-bg-url=\"\">\n\t\t\t\t\t\t<div class=\"fusion-title title fusion-title-size-two\" style=\"margin-top:0px;margin-bottom:30px;\"><h2 class=\"title-heading-left\">Camere da vuoto speciali<\/h2><div class=\"title-sep-container\"><div class=\"title-sep sep-double sep-solid\" style=\"border-color:#e0dede;\"><\/div><\/div><\/div><div class=\"fusion-clearfix\"><\/div>\n\n\t\t\t\t\t<\/div>\n\t\t\t\t<\/div><div  class=\"fusion-layout-column fusion_builder_column fusion_builder_column_1_4  fusion-one-fourth fusion-column-first 1_4\"  style='margin-top:0px;margin-bottom:20px;width:22%; margin-right: 4%;'>\n\t\t\t\t\t<div class=\"fusion-column-wrapper\" style=\"background-position:left top;background-repeat:no-repeat;-webkit-background-size:cover;-moz-background-size:cover;-o-background-size:cover;background-size:cover;\"  data-bg-url=\"\">\n\t\t\t\t\t\t<div class=\"imageframe-align-center\"><span class=\"fusion-imageframe imageframe-none imageframe-3 hover-type-none\"><img loading=\"lazy\" src=\"http:\/\/saesrial.com\/wp-content\/uploads\/2016\/12\/specialvacuum.jpg\" width=\"600\" height=\"565\" alt=\"\" title=\"specialvacuum\" class=\"img-responsive wp-image-12365\" srcset=\"https:\/\/saesrial.com\/wp-content\/uploads\/2016\/12\/specialvacuum-200x188.jpg 200w, https:\/\/saesrial.com\/wp-content\/uploads\/2016\/12\/specialvacuum-400x377.jpg 400w, https:\/\/saesrial.com\/wp-content\/uploads\/2016\/12\/specialvacuum.jpg 600w\" sizes=\"(max-width: 800px) 100vw, 1200px\" \/><\/span><\/div><div class=\"fusion-clearfix\"><\/div>\n\n\t\t\t\t\t<\/div>\n\t\t\t\t<\/div><div  class=\"fusion-layout-column fusion_builder_column fusion_builder_column_3_4  fusion-three-fourth fusion-column-last 3_4\"  style='margin-top:0px;margin-bottom:20px;width:74%'>\n\t\t\t\t\t<div class=\"fusion-column-wrapper\" style=\"background-position:left top;background-repeat:no-repeat;-webkit-background-size:cover;-moz-background-size:cover;-o-background-size:cover;background-size:cover;\"  data-bg-url=\"\">\n\t\t\t\t\t\t<p>Per confinare e accelerare le particelle fino ad altissima energia nei sincrotroni, FEL o collider, il sistema da vuoto deve essere disegnato e lavorare perfettamente. Devono essere usati materiali di alta qualit\u00e0 costruttiva (es. alluminio e leghe di alluminio, acciaio inox, titanio, ceramica, leghe di metalli e ceramica, ecc.). Occorrono tecnologie per una lavorazione precisa, alte tolleranze, finitura delle superfici, manipolazione accurata e pulizia secondo gli standard da vuoto. Sono inoltre necessari in molti casi ambienti puliti per il montaggio, i test e i controlli metrologici. SAES RIAL Vacuum pu\u00f2 fornire camere in diversi materiali, con vari livelli di finitura, pulite secondo gli standard UHV e adeguatamente condizionate per il vuoto.<br \/>\nIl Dipartimento Tecnico SAES RIAL Vacuum pu\u00f2 fornire anche un supporto al cliente durante le attivit\u00e0 di progettazione della camera, suggerendo soluzioni tecniche o realizzando attivit\u00e0 di modellazione per migliorare il progetto del prodotto.<\/p>\n<div class=\"fusion-clearfix\"><\/div>\n\n\t\t\t\t\t<\/div>\n\t\t\t\t<\/div><\/div><\/div><\/p>\n","protected":false},"excerpt":{"rendered":"","protected":false},"author":2,"featured_media":0,"parent":12419,"menu_order":0,"comment_status":"closed","ping_status":"closed","template":"","meta":[],"yoast_head":"<!-- This site is optimized with the Yoast SEO plugin v16.1.1 - https:\/\/yoast.com\/wordpress\/plugins\/seo\/ -->\n<title>Per acceleratori - Saes Rial<\/title>\n<link rel=\"canonical\" href=\"https:\/\/saesrial.com\/it\/prodotti-servizi\/per-acceleratori\/\" \/>\n<meta property=\"og:locale\" content=\"it_IT\" \/>\n<meta property=\"og:type\" content=\"article\" \/>\n<meta property=\"og:title\" content=\"Per acceleratori - Saes Rial\" \/>\n<meta property=\"og:url\" content=\"https:\/\/saesrial.com\/it\/prodotti-servizi\/per-acceleratori\/\" \/>\n<meta property=\"og:site_name\" content=\"Saes Rial\" \/>\n<meta property=\"article:modified_time\" content=\"2017-03-21T15:20:34+00:00\" \/>\n<meta property=\"og:image\" content=\"http:\/\/saesrial.com\/wp-content\/uploads\/2016\/08\/demo-prodotto.png\" \/>\n<meta name=\"twitter:card\" content=\"summary\" \/>\n<meta name=\"twitter:label1\" content=\"Tempo di lettura stimato\">\n\t<meta name=\"twitter:data1\" content=\"10 minuti\">\n<script type=\"application\/ld+json\" class=\"yoast-schema-graph\">{\"@context\":\"https:\/\/schema.org\",\"@graph\":[{\"@type\":\"WebSite\",\"@id\":\"https:\/\/saesrial.com\/#website\",\"url\":\"https:\/\/saesrial.com\/\",\"name\":\"Saes Rial\",\"description\":\"\",\"potentialAction\":[{\"@type\":\"SearchAction\",\"target\":\"https:\/\/saesrial.com\/?s={search_term_string}\",\"query-input\":\"required name=search_term_string\"}],\"inLanguage\":\"it-IT\"},{\"@type\":\"ImageObject\",\"@id\":\"https:\/\/saesrial.com\/it\/prodotti-servizi\/per-acceleratori\/#primaryimage\",\"inLanguage\":\"it-IT\",\"url\":\"http:\/\/saesrial.com\/wp-content\/uploads\/2016\/08\/demo-prodotto.png\",\"contentUrl\":\"http:\/\/saesrial.com\/wp-content\/uploads\/2016\/08\/demo-prodotto.png\"},{\"@type\":\"WebPage\",\"@id\":\"https:\/\/saesrial.com\/it\/prodotti-servizi\/per-acceleratori\/#webpage\",\"url\":\"https:\/\/saesrial.com\/it\/prodotti-servizi\/per-acceleratori\/\",\"name\":\"Per acceleratori - Saes Rial\",\"isPartOf\":{\"@id\":\"https:\/\/saesrial.com\/#website\"},\"primaryImageOfPage\":{\"@id\":\"https:\/\/saesrial.com\/it\/prodotti-servizi\/per-acceleratori\/#primaryimage\"},\"datePublished\":\"2016-08-02T17:04:46+00:00\",\"dateModified\":\"2017-03-21T15:20:34+00:00\",\"breadcrumb\":{\"@id\":\"https:\/\/saesrial.com\/it\/prodotti-servizi\/per-acceleratori\/#breadcrumb\"},\"inLanguage\":\"it-IT\",\"potentialAction\":[{\"@type\":\"ReadAction\",\"target\":[\"https:\/\/saesrial.com\/it\/prodotti-servizi\/per-acceleratori\/\"]}]},{\"@type\":\"BreadcrumbList\",\"@id\":\"https:\/\/saesrial.com\/it\/prodotti-servizi\/per-acceleratori\/#breadcrumb\",\"itemListElement\":[{\"@type\":\"ListItem\",\"position\":1,\"item\":{\"@type\":\"WebPage\",\"@id\":\"https:\/\/saesrial.com\/it\/\",\"url\":\"https:\/\/saesrial.com\/it\/\",\"name\":\"Home\"}},{\"@type\":\"ListItem\",\"position\":2,\"item\":{\"@type\":\"WebPage\",\"@id\":\"http:\/\/saesrial.com\/it\/prodotti-servizi\/\",\"url\":\"http:\/\/saesrial.com\/it\/prodotti-servizi\/\",\"name\":\"Prodotti e servizi\"}},{\"@type\":\"ListItem\",\"position\":3,\"item\":{\"@type\":\"WebPage\",\"@id\":\"https:\/\/saesrial.com\/it\/prodotti-servizi\/per-acceleratori\/\",\"url\":\"https:\/\/saesrial.com\/it\/prodotti-servizi\/per-acceleratori\/\",\"name\":\"Per acceleratori\"}}]}]}<\/script>\n<!-- \/ Yoast SEO plugin. -->","_links":{"self":[{"href":"https:\/\/saesrial.com\/it\/wp-json\/wp\/v2\/pages\/12428"}],"collection":[{"href":"https:\/\/saesrial.com\/it\/wp-json\/wp\/v2\/pages"}],"about":[{"href":"https:\/\/saesrial.com\/it\/wp-json\/wp\/v2\/types\/page"}],"author":[{"embeddable":true,"href":"https:\/\/saesrial.com\/it\/wp-json\/wp\/v2\/users\/2"}],"replies":[{"embeddable":true,"href":"https:\/\/saesrial.com\/it\/wp-json\/wp\/v2\/comments?post=12428"}],"version-history":[{"count":2,"href":"https:\/\/saesrial.com\/it\/wp-json\/wp\/v2\/pages\/12428\/revisions"}],"predecessor-version":[{"id":12435,"href":"https:\/\/saesrial.com\/it\/wp-json\/wp\/v2\/pages\/12428\/revisions\/12435"}],"up":[{"embeddable":true,"href":"https:\/\/saesrial.com\/it\/wp-json\/wp\/v2\/pages\/12419"}],"wp:attachment":[{"href":"https:\/\/saesrial.com\/it\/wp-json\/wp\/v2\/media?parent=12428"}],"curies":[{"name":"wp","href":"https:\/\/api.w.org\/{rel}","templated":true}]}}