{"id":12427,"date":"2016-08-02T19:08:00","date_gmt":"2016-08-02T17:08:00","guid":{"rendered":"http:\/\/saesrial.com\/prodotti-servizi\/design-thermal-and-vacuum-modeling\/"},"modified":"2017-03-21T16:16:26","modified_gmt":"2017-03-21T15:16:26","slug":"progettazione-e-modellazione-termica-e-da-vuoto","status":"publish","type":"page","link":"https:\/\/saesrial.com\/it\/prodotti-servizi\/progettazione-e-modellazione-termica-e-da-vuoto\/","title":{"rendered":"Progettazione e modellazione termica e da vuoto"},"content":{"rendered":"<p><div  class=\"fusion-fullwidth fullwidth-box nonhundred-percent-fullwidth\"  style='background-color: #ffffff;background-position: left top;background-repeat: no-repeat;padding-top:0px;padding-right:20px;padding-bottom:0px;padding-left:20px;border-top-width:0px;border-bottom-width:0px;border-color:#eae9e9;border-top-style:solid;border-bottom-style:solid;'><div class=\"fusion-builder-row fusion-row \"><div  class=\"fusion-layout-column fusion_builder_column fusion_builder_column_1_1  fusion-one-full fusion-column-first fusion-column-last fusion-column-no-min-height 1_1\"  style='margin-top:0px;margin-bottom:0px;'>\n\t\t\t\t\t<div class=\"fusion-column-wrapper\" style=\"background-position:left top;background-repeat:no-repeat;-webkit-background-size:cover;-moz-background-size:cover;-o-background-size:cover;background-size:cover;\"  data-bg-url=\"\">\n\t\t\t\t\t\t<div class=\"fusion-title title fusion-title-size-two\" style=\"margin-top:30px;margin-bottom:30px;\"><h2 class=\"title-heading-left\"><strong><span style=\"color: #dd3333;\">Progettazione e modellazione termica e da\u00a0vuoto<\/span><\/strong><\/h2><div class=\"title-sep-container\"><div class=\"title-sep sep-double sep-solid\" style=\"border-color:#dd3333;\"><\/div><\/div><\/div><div class=\"fusion-clearfix\"><\/div>\n\n\t\t\t\t\t<\/div>\n\t\t\t\t<\/div><div  class=\"fusion-layout-column fusion_builder_column fusion_builder_column_1_3  fusion-one-third fusion-column-first 1_3\"  style='margin-top:0px;margin-bottom:20px;width:33.33%;width:calc(33.33% - ( ( 4% ) * 0.3333 ) );margin-right: 4%;'>\n\t\t\t\t\t<div class=\"fusion-column-wrapper\" style=\"background-position:left top;background-repeat:no-repeat;-webkit-background-size:cover;-moz-background-size:cover;-o-background-size:cover;background-size:cover;\"  data-bg-url=\"\">\n\t\t\t\t\t\t<div class=\"imageframe-align-center\"><span class=\"fusion-imageframe imageframe-none imageframe-1 hover-type-none\"><img loading=\"lazy\" src=\"http:\/\/saesrial.com\/wp-content\/uploads\/2016\/08\/foto.jpg\" width=\"2250\" height=\"2448\" alt=\"\" title=\"foto\" class=\"img-responsive wp-image-12401\" srcset=\"https:\/\/saesrial.com\/wp-content\/uploads\/2016\/08\/foto-200x218.jpg 200w, https:\/\/saesrial.com\/wp-content\/uploads\/2016\/08\/foto-400x435.jpg 400w, https:\/\/saesrial.com\/wp-content\/uploads\/2016\/08\/foto-600x653.jpg 600w, https:\/\/saesrial.com\/wp-content\/uploads\/2016\/08\/foto-800x870.jpg 800w, https:\/\/saesrial.com\/wp-content\/uploads\/2016\/08\/foto-1200x1306.jpg 1200w, https:\/\/saesrial.com\/wp-content\/uploads\/2016\/08\/foto.jpg 2250w\" sizes=\"(max-width: 800px) 100vw, 1200px\" \/><\/span><\/div><div class=\"fusion-clearfix\"><\/div>\n\n\t\t\t\t\t<\/div>\n\t\t\t\t<\/div><div  class=\"fusion-layout-column fusion_builder_column fusion_builder_column_2_3  fusion-two-third fusion-column-last 2_3\"  style='margin-top:0px;margin-bottom:20px;width:66.66%;width:calc(66.66% - ( ( 4% ) * 0.6666 ) );'>\n\t\t\t\t\t<div class=\"fusion-column-wrapper\" style=\"background-position:left top;background-repeat:no-repeat;-webkit-background-size:cover;-moz-background-size:cover;-o-background-size:cover;background-size:cover;\"  data-bg-url=\"\">\n\t\t\t\t\t\t<p>La competenza nella tecnologia del vuoto e nella modellazione fisica e matematica possono essere messe a disposizione del cliente sin dalle prime fase di progettazione, per gestire il progetto nella maniera pi\u00f9 efficiente.<\/p>\n<p>A questo proposito, SAES RIAL Vacuum pu\u00f2 fornire raccomandazioni o suggerire soluzioni tecniche per migliorare il progetto o semplificare la lavorazione e il collaudo del prodotto. Tramite l&#8217;uso di diversi strumenti matematici, come ANSYS, MOLFLOW+, VASCO, LTspice e altri, \u00e8 possibile simulare le propriet\u00e0 meccaniche, termiche e in vuoto di un componente o di uno strumento per prevederne le prestazioni o per identificare eventuali aspetti critici gi\u00e0 in fase di progetto e durante gli stadi di sviluppo.<\/p>\n<p>Questo permette di identificare i parametri chiave e il loro impatto sulle prestazioni del prodotto, e, nel caso, di trovare opportune soluzioni migliorative, tramite per esempio la modifica del disegno del prodotto, oppure una diversa selezione dei componenti o dei processi di produzione.<\/p>\n<p>Il risultato finale di tutto questo \u00e8 un processo di sviluppo pi\u00f9 veloce, che oltre a far risparmiare tempo fornisce anche un risultato pi\u00f9 affidabile.<\/p>\n<div class=\"fusion-clearfix\"><\/div>\n\n\t\t\t\t\t<\/div>\n\t\t\t\t<\/div><div  class=\"fusion-layout-column fusion_builder_column fusion_builder_column_1_1  fusion-one-full fusion-column-first fusion-column-last 1_1\"  style='margin-top:0px;margin-bottom:20px;'>\n\t\t\t\t\t<div class=\"fusion-column-wrapper\" style=\"background-position:left top;background-repeat:no-repeat;-webkit-background-size:cover;-moz-background-size:cover;-o-background-size:cover;background-size:cover;\"  data-bg-url=\"\">\n\t\t\t\t\t\t<div class=\"imageframe-align-center\"><span class=\"fusion-imageframe imageframe-none imageframe-2 hover-type-none\"><img loading=\"lazy\" src=\"http:\/\/saesrial.com\/wp-content\/uploads\/2016\/08\/INT_Design-1.jpg\" width=\"1276\" height=\"712\" alt=\"\" title=\"Design\" class=\"img-responsive wp-image-12387\" srcset=\"https:\/\/saesrial.com\/wp-content\/uploads\/2016\/08\/INT_Design-1-200x112.jpg 200w, https:\/\/saesrial.com\/wp-content\/uploads\/2016\/08\/INT_Design-1-400x223.jpg 400w, https:\/\/saesrial.com\/wp-content\/uploads\/2016\/08\/INT_Design-1-600x335.jpg 600w, https:\/\/saesrial.com\/wp-content\/uploads\/2016\/08\/INT_Design-1-800x446.jpg 800w, https:\/\/saesrial.com\/wp-content\/uploads\/2016\/08\/INT_Design-1-1200x670.jpg 1200w, https:\/\/saesrial.com\/wp-content\/uploads\/2016\/08\/INT_Design-1.jpg 1276w\" sizes=\"(max-width: 800px) 100vw, 1200px\" \/><\/span><\/div><div class=\"fusion-clearfix\"><\/div>\n\n\t\t\t\t\t<\/div>\n\t\t\t\t<\/div><\/div><\/div><div  class=\"fusion-fullwidth fullwidth-box nonhundred-percent-fullwidth\"  style='background-color: #ffffff;background-position: left top;background-repeat: no-repeat;padding-top:0px;padding-right:20px;padding-bottom:0px;padding-left:20px;border-top-width:0px;border-bottom-width:0px;border-color:#eae9e9;border-top-style:solid;border-bottom-style:solid;'><div class=\"fusion-builder-row fusion-row \"><\/div><\/div><\/p>\n","protected":false},"excerpt":{"rendered":"","protected":false},"author":2,"featured_media":0,"parent":12419,"menu_order":0,"comment_status":"closed","ping_status":"closed","template":"","meta":[],"yoast_head":"<!-- This site is optimized with the Yoast SEO plugin v16.1.1 - https:\/\/yoast.com\/wordpress\/plugins\/seo\/ -->\n<title>Progettazione e modellazione termica e da vuoto - Saes Rial<\/title>\n<link rel=\"canonical\" href=\"https:\/\/saesrial.com\/it\/prodotti-servizi\/progettazione-e-modellazione-termica-e-da-vuoto\/\" \/>\n<meta property=\"og:locale\" content=\"it_IT\" \/>\n<meta property=\"og:type\" content=\"article\" \/>\n<meta property=\"og:title\" content=\"Progettazione e modellazione termica e da vuoto - Saes Rial\" \/>\n<meta property=\"og:url\" content=\"https:\/\/saesrial.com\/it\/prodotti-servizi\/progettazione-e-modellazione-termica-e-da-vuoto\/\" \/>\n<meta property=\"og:site_name\" content=\"Saes Rial\" \/>\n<meta property=\"article:modified_time\" content=\"2017-03-21T15:16:26+00:00\" \/>\n<meta name=\"twitter:card\" content=\"summary\" \/>\n<meta name=\"twitter:label1\" content=\"Tempo di lettura stimato\">\n\t<meta name=\"twitter:data1\" content=\"4 minuti\">\n<script type=\"application\/ld+json\" class=\"yoast-schema-graph\">{\"@context\":\"https:\/\/schema.org\",\"@graph\":[{\"@type\":\"WebSite\",\"@id\":\"https:\/\/saesrial.com\/#website\",\"url\":\"https:\/\/saesrial.com\/\",\"name\":\"Saes Rial\",\"description\":\"\",\"potentialAction\":[{\"@type\":\"SearchAction\",\"target\":\"https:\/\/saesrial.com\/?s={search_term_string}\",\"query-input\":\"required name=search_term_string\"}],\"inLanguage\":\"it-IT\"},{\"@type\":\"WebPage\",\"@id\":\"https:\/\/saesrial.com\/it\/prodotti-servizi\/progettazione-e-modellazione-termica-e-da-vuoto\/#webpage\",\"url\":\"https:\/\/saesrial.com\/it\/prodotti-servizi\/progettazione-e-modellazione-termica-e-da-vuoto\/\",\"name\":\"Progettazione e modellazione termica e da vuoto - Saes Rial\",\"isPartOf\":{\"@id\":\"https:\/\/saesrial.com\/#website\"},\"datePublished\":\"2016-08-02T17:08:00+00:00\",\"dateModified\":\"2017-03-21T15:16:26+00:00\",\"breadcrumb\":{\"@id\":\"https:\/\/saesrial.com\/it\/prodotti-servizi\/progettazione-e-modellazione-termica-e-da-vuoto\/#breadcrumb\"},\"inLanguage\":\"it-IT\",\"potentialAction\":[{\"@type\":\"ReadAction\",\"target\":[\"https:\/\/saesrial.com\/it\/prodotti-servizi\/progettazione-e-modellazione-termica-e-da-vuoto\/\"]}]},{\"@type\":\"BreadcrumbList\",\"@id\":\"https:\/\/saesrial.com\/it\/prodotti-servizi\/progettazione-e-modellazione-termica-e-da-vuoto\/#breadcrumb\",\"itemListElement\":[{\"@type\":\"ListItem\",\"position\":1,\"item\":{\"@type\":\"WebPage\",\"@id\":\"https:\/\/saesrial.com\/it\/\",\"url\":\"https:\/\/saesrial.com\/it\/\",\"name\":\"Home\"}},{\"@type\":\"ListItem\",\"position\":2,\"item\":{\"@type\":\"WebPage\",\"@id\":\"http:\/\/saesrial.com\/it\/prodotti-servizi\/\",\"url\":\"http:\/\/saesrial.com\/it\/prodotti-servizi\/\",\"name\":\"Prodotti e servizi\"}},{\"@type\":\"ListItem\",\"position\":3,\"item\":{\"@type\":\"WebPage\",\"@id\":\"https:\/\/saesrial.com\/it\/prodotti-servizi\/progettazione-e-modellazione-termica-e-da-vuoto\/\",\"url\":\"https:\/\/saesrial.com\/it\/prodotti-servizi\/progettazione-e-modellazione-termica-e-da-vuoto\/\",\"name\":\"Progettazione e modellazione termica e da vuoto\"}}]}]}<\/script>\n<!-- \/ Yoast SEO plugin. -->","_links":{"self":[{"href":"https:\/\/saesrial.com\/it\/wp-json\/wp\/v2\/pages\/12427"}],"collection":[{"href":"https:\/\/saesrial.com\/it\/wp-json\/wp\/v2\/pages"}],"about":[{"href":"https:\/\/saesrial.com\/it\/wp-json\/wp\/v2\/types\/page"}],"author":[{"embeddable":true,"href":"https:\/\/saesrial.com\/it\/wp-json\/wp\/v2\/users\/2"}],"replies":[{"embeddable":true,"href":"https:\/\/saesrial.com\/it\/wp-json\/wp\/v2\/comments?post=12427"}],"version-history":[{"count":2,"href":"https:\/\/saesrial.com\/it\/wp-json\/wp\/v2\/pages\/12427\/revisions"}],"predecessor-version":[{"id":12433,"href":"https:\/\/saesrial.com\/it\/wp-json\/wp\/v2\/pages\/12427\/revisions\/12433"}],"up":[{"embeddable":true,"href":"https:\/\/saesrial.com\/it\/wp-json\/wp\/v2\/pages\/12419"}],"wp:attachment":[{"href":"https:\/\/saesrial.com\/it\/wp-json\/wp\/v2\/media?parent=12427"}],"curies":[{"name":"wp","href":"https:\/\/api.w.org\/{rel}","templated":true}]}}