{"id":12403,"date":"2012-07-31T02:15:48","date_gmt":"2012-07-31T00:15:48","guid":{"rendered":"http:\/\/saesrial.com\/about\/"},"modified":"2024-04-24T14:04:41","modified_gmt":"2024-04-24T12:04:41","slug":"chi-siamo","status":"publish","type":"page","link":"https:\/\/saesrial.com\/it\/chi-siamo\/","title":{"rendered":"Chi siamo"},"content":{"rendered":"<div  class=\"fusion-fullwidth fullwidth-box hundred-percent-fullwidth\"  style='background-color: #ffffff;background-position: center center;background-repeat: no-repeat;padding-top:0px;padding-right:0px;padding-bottom:0px;padding-left:0px;'><div class=\"fusion-builder-row fusion-row \"><div  class=\"fusion-layout-column fusion_builder_column fusion_builder_column_1_1  fusion-one-full fusion-column-first fusion-column-last 1_1\"  style='margin-top:0px;margin-bottom:20px;'>\n\t\t\t\t\t<div class=\"fusion-column-wrapper\" style=\"background-color:#ffffff;padding: -20px;background-position:left top;background-repeat:no-repeat;-webkit-background-size:cover;-moz-background-size:cover;-o-background-size:cover;background-size:cover;\"  data-bg-url=\"\">\n\t\t\t\t\t\t<div class=\"fusion-title title fusion-title-size-two\" style=\"margin-top:0px;margin-bottom:30px;\"><h2 class=\"title-heading-left\"><strong>SAES RIAL Vacuum S.r.l.<\/strong><\/h2><div class=\"title-sep-container\"><div class=\"title-sep sep-double sep-solid\" style=\"border-color:#e0dede;\"><\/div><\/div><\/div><p><strong>SAES RIAL Vacuum S.r.l.<\/strong> \u00e8 stata fondata nel dicembre 2015 e dal 2022 \u00e8 parte del gruppo SAES al 100%. La sua missione \u00e8 quella di creare un centro di eccellenza tecnologica e produttiva, specializzato nella progettazione, produzione e collaudo di sistemi da vuoto e componenti integrati per acceleratori e applicazioni industriali, con l&#8217;obiettivo di competere con successo nei mercati internazionali.<\/p>\n<p>SAES RIAL Vacuum integra l&#8217;ampia competenza nel campo del vuoto e nella scienza dei materiali di SAES Group con l&#8217;esperienza nella progettazione di sistemi da vuoto e nella tecnologia degli acceleratori.<\/p>\n<p>La societ\u00e0 sfrutta sinergicamente l&#8217;esperienza pluriennale nella progettazione, assemblaggio, collaudo e consegna di camere da vuoto, unendola al vasto know-how e all&#8217;esperienza di SAES Group nella tecnologia UHV-XHV, nella scienza dei materiali e nella gestione dell&#8217;innovazione.<\/p>\n<p>Lo stabilimento di SAES RIAL Vacuum, che si estende su una superficie di 1200 m\u00b2, si trova a pochi chilometri dagli stabilimenti che offrono significative capacit\u00e0 di lavorazione per supportare la realizzazione dei progetti pi\u00f9 impegnativi nel campo dei sistemi da vuoto.<\/p>\n<div class=\"fusion-title title fusion-title-size-two\" style=\"margin-top:0px;margin-bottom:30px;\"><h2 class=\"title-heading-left\"><strong>SAES Getters S.p.A.<\/strong><\/h2><div class=\"title-sep-container\"><div class=\"title-sep sep-double sep-solid\" style=\"border-color:#e0dede;\"><\/div><\/div><\/div><p><strong>SAES Getters S.p.A.<\/strong> (<a href=\"http:\/\/www.saesgroup.com\" target=\"_blank\" rel=\"noopener noreferrer\">www.saesgetters.com<\/a>) \u00e8 stata fondata a Milano (Italia) nel 1947. Attualmente impiega oltre 1000 collaboratori con 11 unit\u00e0 produttive in tutto il mondo. Fin dalla creazione SAES Getters si \u00e8 sviluppata nel settore delle tecnologie del vuoto e della scienza dei materiali, dando inizio per prima alla tecnologia getter e introducendo una gamma completa di prodotti getter non evaporabili (NEG) per acceleratori e impianti industriali.<\/p>\n<p>Il Gruppo SAES investe il <a href=\"http:\/\/www.saesgroup.com\" target=\"_blank\" rel=\"noopener noreferrer\"><img loading=\"lazy\" class=\"alignleft wp-image-12532 size-medium\" title=\"SAES Group Headquarters - Lainate (Milano) - Italia\" src=\"http:\/\/saesrial.com\/wp-content\/uploads\/2012\/07\/SAES-HQS-300x147.jpg\" alt=\"\" width=\"300\" height=\"147\" srcset=\"https:\/\/saesrial.com\/wp-content\/uploads\/2012\/07\/SAES-HQS-200x98.jpg 200w, https:\/\/saesrial.com\/wp-content\/uploads\/2012\/07\/SAES-HQS-300x147.jpg 300w, https:\/\/saesrial.com\/wp-content\/uploads\/2012\/07\/SAES-HQS-400x195.jpg 400w, https:\/\/saesrial.com\/wp-content\/uploads\/2012\/07\/SAES-HQS-600x293.jpg 600w, https:\/\/saesrial.com\/wp-content\/uploads\/2012\/07\/SAES-HQS-768x375.jpg 768w, https:\/\/saesrial.com\/wp-content\/uploads\/2012\/07\/SAES-HQS-800x391.jpg 800w, https:\/\/saesrial.com\/wp-content\/uploads\/2012\/07\/SAES-HQS-1024x500.jpg 1024w, https:\/\/saesrial.com\/wp-content\/uploads\/2012\/07\/SAES-HQS-1200x586.jpg 1200w, https:\/\/saesrial.com\/wp-content\/uploads\/2012\/07\/SAES-HQS.jpg 2240w\" sizes=\"(max-width: 300px) 100vw, 300px\" \/><\/a>10% ca. dei ricavi annui in attivit\u00e0 di R&amp;D. Le sue competenze essenziali riguardano: scienza dei materiali, metallurgia, tecnologia getter, alto e ultra alto vuoto (HV-UHV), purificazione dei gas di processo, leghe a memoria di forma, leghe super-elastiche e altri materiali avanzati.<\/p>\n<p>SAES Getters \u00e8 il fornitore industriale con la maggior esperienza (15 anni) nel rivestimento di film getter (NEG coating) all\u2019interno di camere da vuoto per acceleratori. Dal 2001 pi\u00f9 di 500 camere sono state rivestite da SAES Getters in tutto il mondo per ogni genere di acceleratore (sincrotroni, collider, macchine sperimentali&#8230;).<\/p>\n<div class=\"fusion-title title fusion-title-size-two\" style=\"margin-top:0px;margin-bottom:30px;\"><h2 class=\"title-heading-left\"><strong>RIAL VACUUM RESEARCH<\/strong><\/h2><div class=\"title-sep-container\"><div class=\"title-sep sep-double sep-solid\" style=\"border-color:#e0dede;\"><\/div><\/div><\/div><p>RIAL VACUUM Research \u00e8 stata fondata a Parma (Italia) nel 1973 e da allora \u00e8 sempre stata una delle pi\u00f9 attive societ\u00e0 italiane nel settore dell\u2019ultra alto vuoto\u00a0 e del criogenico.<\/p>\n<p>RIAL VACUUM Research ha una vasta esperienza nella progettazione, produzione e collaudo di camere da vuoto per acceleratori, sincrotroni e collider. La societ\u00e0 ha fornito un grande variet\u00e0 di camere e sistemi UHV, comprese camere da vuoto a ondulatori, bunch compressor, sistemi criogenici, Beam Positioning Monitors (BPM), \u201dphoton absorbers\u201d ecc.<\/p>\n<p>Grazie alla focalizzazione sulla qualit\u00e0, nel 2006 la societ\u00e0 ha ricevuto il Golden Hadron Award, un premio prestigioso conferitole dal CERN come fornitore di eccezionale qualit\u00e0 e prestazioni. RIAL VACUUM Research ha operato fino a dicembre 2015 come parte del Gruppo Rodofil (www.rodofil.com).<\/p>\n<p>Il Gruppo Rodofil ha sede a Parma e conta circa 50 collaboratori fra tecnici, ingegneri e amministrazione. Rodofil \u00e8 focalizzata soprattutto nella lavorazione di precisione ad alta qualit\u00e0 per applicazioni nell&#8217;industria e nella ricerca. Offre un servizio completo per lavori meccanici basato sui pi\u00f9 avanzati sistemi CNC di tornitura, fresatura e lavorazioni automatiche di precisione. Inoltre offre saldatura laser e un&#8217;esperienza unica in macchine EDM (a filo, a tuffo e a micro-foratura). Per questo motivo pu\u00f2 supportare SAES RIAL Vacuum nella richiesta di lavorazioni di precisione per camere da vuoto e per progetti di acceleratori.<\/p>\n<div class=\"fusion-clearfix\"><\/div>\n\n\t\t\t\t\t<\/div>\n\t\t\t\t<\/div><\/div><\/div>\n","protected":false},"excerpt":{"rendered":"","protected":false},"author":2,"featured_media":0,"parent":0,"menu_order":0,"comment_status":"open","ping_status":"closed","template":"","meta":[],"yoast_head":"<!-- This site is optimized with the Yoast SEO plugin v16.1.1 - https:\/\/yoast.com\/wordpress\/plugins\/seo\/ -->\n<title>Chi siamo - Saes Rial<\/title>\n<link rel=\"canonical\" href=\"https:\/\/saesrial.com\/it\/chi-siamo\/\" \/>\n<meta property=\"og:locale\" content=\"it_IT\" \/>\n<meta property=\"og:type\" content=\"article\" \/>\n<meta property=\"og:title\" content=\"Chi siamo - Saes Rial\" \/>\n<meta property=\"og:url\" content=\"https:\/\/saesrial.com\/it\/chi-siamo\/\" \/>\n<meta property=\"og:site_name\" content=\"Saes Rial\" \/>\n<meta property=\"article:modified_time\" content=\"2024-04-24T12:04:41+00:00\" \/>\n<meta property=\"og:image\" content=\"http:\/\/saesrial.com\/wp-content\/uploads\/2012\/07\/SAES-HQS-300x147.jpg\" \/>\n<meta name=\"twitter:card\" content=\"summary\" \/>\n<meta name=\"twitter:label1\" content=\"Tempo di lettura stimato\">\n\t<meta name=\"twitter:data1\" content=\"4 minuti\">\n<script type=\"application\/ld+json\" class=\"yoast-schema-graph\">{\"@context\":\"https:\/\/schema.org\",\"@graph\":[{\"@type\":\"WebSite\",\"@id\":\"https:\/\/saesrial.com\/#website\",\"url\":\"https:\/\/saesrial.com\/\",\"name\":\"Saes Rial\",\"description\":\"\",\"potentialAction\":[{\"@type\":\"SearchAction\",\"target\":\"https:\/\/saesrial.com\/?s={search_term_string}\",\"query-input\":\"required name=search_term_string\"}],\"inLanguage\":\"it-IT\"},{\"@type\":\"ImageObject\",\"@id\":\"https:\/\/saesrial.com\/it\/chi-siamo\/#primaryimage\",\"inLanguage\":\"it-IT\",\"url\":\"http:\/\/saesrial.com\/wp-content\/uploads\/2012\/07\/SAES-HQS-300x147.jpg\",\"contentUrl\":\"http:\/\/saesrial.com\/wp-content\/uploads\/2012\/07\/SAES-HQS-300x147.jpg\"},{\"@type\":\"WebPage\",\"@id\":\"https:\/\/saesrial.com\/it\/chi-siamo\/#webpage\",\"url\":\"https:\/\/saesrial.com\/it\/chi-siamo\/\",\"name\":\"Chi siamo - Saes Rial\",\"isPartOf\":{\"@id\":\"https:\/\/saesrial.com\/#website\"},\"primaryImageOfPage\":{\"@id\":\"https:\/\/saesrial.com\/it\/chi-siamo\/#primaryimage\"},\"datePublished\":\"2012-07-31T00:15:48+00:00\",\"dateModified\":\"2024-04-24T12:04:41+00:00\",\"breadcrumb\":{\"@id\":\"https:\/\/saesrial.com\/it\/chi-siamo\/#breadcrumb\"},\"inLanguage\":\"it-IT\",\"potentialAction\":[{\"@type\":\"ReadAction\",\"target\":[\"https:\/\/saesrial.com\/it\/chi-siamo\/\"]}]},{\"@type\":\"BreadcrumbList\",\"@id\":\"https:\/\/saesrial.com\/it\/chi-siamo\/#breadcrumb\",\"itemListElement\":[{\"@type\":\"ListItem\",\"position\":1,\"item\":{\"@type\":\"WebPage\",\"@id\":\"https:\/\/saesrial.com\/it\/\",\"url\":\"https:\/\/saesrial.com\/it\/\",\"name\":\"Home\"}},{\"@type\":\"ListItem\",\"position\":2,\"item\":{\"@type\":\"WebPage\",\"@id\":\"https:\/\/saesrial.com\/it\/chi-siamo\/\",\"url\":\"https:\/\/saesrial.com\/it\/chi-siamo\/\",\"name\":\"Chi siamo\"}}]}]}<\/script>\n<!-- \/ Yoast SEO plugin. -->","_links":{"self":[{"href":"https:\/\/saesrial.com\/it\/wp-json\/wp\/v2\/pages\/12403"}],"collection":[{"href":"https:\/\/saesrial.com\/it\/wp-json\/wp\/v2\/pages"}],"about":[{"href":"https:\/\/saesrial.com\/it\/wp-json\/wp\/v2\/types\/page"}],"author":[{"embeddable":true,"href":"https:\/\/saesrial.com\/it\/wp-json\/wp\/v2\/users\/2"}],"replies":[{"embeddable":true,"href":"https:\/\/saesrial.com\/it\/wp-json\/wp\/v2\/comments?post=12403"}],"version-history":[{"count":13,"href":"https:\/\/saesrial.com\/it\/wp-json\/wp\/v2\/pages\/12403\/revisions"}],"predecessor-version":[{"id":12733,"href":"https:\/\/saesrial.com\/it\/wp-json\/wp\/v2\/pages\/12403\/revisions\/12733"}],"wp:attachment":[{"href":"https:\/\/saesrial.com\/it\/wp-json\/wp\/v2\/media?parent=12403"}],"curies":[{"name":"wp","href":"https:\/\/api.w.org\/{rel}","templated":true}]}}